{"id":119,"date":"2024-11-02T02:10:22","date_gmt":"2024-11-02T01:10:22","guid":{"rendered":"https:\/\/runwash.fr\/?page_id=119"},"modified":"2025-02-08T23:21:12","modified_gmt":"2025-02-08T22:21:12","slug":"contact","status":"publish","type":"page","link":"https:\/\/runwash.fr\/index.php\/contact\/","title":{"rendered":"Contact"},"content":{"rendered":"\t\t<div data-elementor-type=\"wp-page\" data-elementor-id=\"119\" class=\"elementor elementor-119\">\n\t\t\t\t<header class=\"elementor-element elementor-element-745f2d83 e-con-full e-flex e-con e-parent\" data-id=\"745f2d83\" data-element_type=\"container\" data-e-type=\"container\">\n\t\t\t\t<div class=\"elementor-element elementor-element-c545bbd elementor-widget elementor-widget-formidable\" data-id=\"c545bbd\" data-element_type=\"widget\" data-e-type=\"widget\" data-widget_type=\"formidable.default\">\n\t\t\t\t<div class=\"elementor-widget-container\">\n\t\t\t\t\t<div class=\"frm_forms  with_frm_style frm_style_style-formidable\" id=\"frm_form_41_container\" data-token=\"4bb7072dc6dff8e3bfc4a2ee603e0f52\">\n<form enctype=\"multipart\/form-data\" method=\"post\" class=\"frm-show-form \" id=\"form_vous-avez-des-taches-appelez-runwash\" data-token=\"4bb7072dc6dff8e3bfc4a2ee603e0f52\">\n<div class=\"frm_form_fields \">\n<fieldset>\n<legend class=\"frm_screen_reader\">Vous avez des taches ? Appelez RUNWASH !<\/legend>\n<h3 class=\"frm_form_title\">Vous avez des taches ? Appelez RUNWASH !<\/h3>\n<div class=\"frm_fields_container\">\n<input type=\"hidden\" name=\"frm_action\" value=\"create\" \/>\n<input type=\"hidden\" name=\"form_id\" value=\"41\" \/>\n<input type=\"hidden\" name=\"frm_hide_fields_41\" id=\"frm_hide_fields_41\" value=\"\" \/>\n<input type=\"hidden\" name=\"form_key\" value=\"vous-avez-des-taches-appelez-runwash\" \/>\n<input type=\"hidden\" name=\"item_meta[0]\" value=\"\" \/>\n<input type=\"hidden\" id=\"frm_submit_entry_41\" name=\"frm_submit_entry_41\" value=\"ca0c1c70d5\" \/><input type=\"hidden\" name=\"_wp_http_referer\" value=\"\/index.php\/wp-json\/wp\/v2\/pages\/119\" \/><div id=\"frm_field_401_container\" class=\"frm_form_field form-field  frm_required_field frm_top_container frm_fi rst frm_third\">\n\t<label for=\"field_tha5z\" id=\"field_tha5z_label\" class=\"frm_primary_label\">Nom :\n\t\t<span class=\"frm_required\" aria-hidden=\"true\">*<\/span>\n\t<\/label>\n\t<input type=\"text\" id=\"field_tha5z\" name=\"item_meta[401]\" value=\"\"  placeholder=\"Nom\" data-reqmsg=\"Nom : ne peut pas \u00eatre vide.\" aria-required=\"true\" data-invmsg=\"Nom : est non valide\" aria-invalid=\"false\"  \/>\n\t\n\t\n<\/div>\n<div id=\"frm_field_402_container\" class=\"frm_form_field form-field  frm_required_field frm_top_container fr m6 frm_third\">\n\t<label for=\"field_tqnd9\" id=\"field_tqnd9_label\" class=\"frm_primary_label\">Pr\u00e9nom :\n\t\t<span class=\"frm_required\" aria-hidden=\"true\">*<\/span>\n\t<\/label>\n\t<input type=\"text\" id=\"field_tqnd9\" name=\"item_meta[402]\" value=\"\"  placeholder=\"Pr\u00e9nom\" data-reqmsg=\"Pr\u00e9nom : ne peut pas \u00eatre vide.\" aria-required=\"true\" data-invmsg=\"Pr\u00e9nom : est non valide\" aria-invalid=\"false\"  \/>\n\t\n\t\n<\/div>\n<div id=\"frm_field_403_container\" class=\"frm_form_field form-field  frm_required_field frm_top_container frm_first frm_third\">\n\t<label for=\"field_5glhc\" id=\"field_5glhc_label\" class=\"frm_primary_label\">T\u00e9l\u00e9phone :\n\t\t<span class=\"frm_required\" aria-hidden=\"true\">*<\/span>\n\t<\/label>\n\t<input type=\"tel\" id=\"field_5glhc\" name=\"item_meta[403]\" value=\"\"  placeholder=\"0612345678\" data-reqmsg=\"T\u00e9l\u00e9phone : ne peut pas \u00eatre vide.\" aria-required=\"true\" data-invmsg=\"T\u00e9l\u00e9phone : est non valide\" aria-invalid=\"false\" pattern=\"((\\+\\d{1,3}(-|.| )?\\(?\\d\\)?(-| |.)?\\d{1,5})|(\\(?\\d{2,6}\\)?))(-|.| )?(\\d{3,4})(-|.| )?(\\d{4})(( x| ext)\\d{1,5}){0,1}$\"  \/>\n\t\n\t\n<\/div>\n<div id=\"frm_field_404_container\" class=\"frm_form_field form-field  frm_required_field frm_top_container frm_third\">\n\t<label for=\"field_ot2j\" id=\"field_ot2j_label\" class=\"frm_primary_label\">Email :\n\t\t<span class=\"frm_required\" aria-hidden=\"true\">*<\/span>\n\t<\/label>\n\t<input type=\"email\" id=\"field_ot2j\" name=\"item_meta[404]\" value=\"\"  placeholder=\"adressemail@gmail.com\" data-reqmsg=\"Email : ne peut pas \u00eatre vide.\" aria-required=\"true\" data-invmsg=\"Email : est non valide\" aria-invalid=\"false\"  \/>\n\t\n\t\n<\/div>\n<div id=\"frm_field_405_container\" class=\"frm_form_field form-field  frm_required_field frm_top_container frm_two_thirds\">\n\t<label for=\"field_v741\" id=\"field_v741_label\" class=\"frm_primary_label\">Adresse :\n\t\t<span class=\"frm_required\" aria-hidden=\"true\">*<\/span>\n\t<\/label>\n\t<input type=\"text\" id=\"field_v741\" name=\"item_meta[405]\" value=\"\"  placeholder=\"Rue de B\u00e9thune, 59000 LILLE\" data-reqmsg=\"Adresse : ne peut pas \u00eatre vide.\" aria-required=\"true\" data-invmsg=\"Adresse : est non valide\" aria-invalid=\"false\"  \/>\n\t\n\t\n<\/div>\n<div id=\"frm_field_406_container\" class=\"frm_form_field form-field  frm_required_field frm_top_container frm_two_thirds\">\n\t<label for=\"field_fyiq7\" id=\"field_fyiq7_label\" class=\"frm_primary_label\">Votre mobilier textile\/v\u00e9hicule poss\u00e8de-t-il des t\u00e2ches ?\n\t\t<span class=\"frm_required\" aria-hidden=\"true\">*<\/span>\n\t<\/label>\n\t<input type=\"text\" id=\"field_fyiq7\" name=\"item_meta[406]\" value=\"\"  placeholder=\"De sang ? D&#039;urine ? De moisissure ?\" data-reqmsg=\"Votre mobilier textile\/v\u00e9hicule poss\u00e8de-t-il des t\u00e2ches ? ne peut pas \u00eatre vide.\" aria-required=\"true\" data-invmsg=\"Votre mobilier textile\/v\u00e9hicule poss\u00e8de-t-il des t\u00e2ches ? est non valide\" aria-invalid=\"false\"  \/>\n\t\n\t\n<\/div>\n<div id=\"frm_field_409_container\" class=\"frm_form_field form-field  frm_required_field frm_top_container frm_first frm_third vertical_radio\">\n\t<div  id=\"field_x65ex_label\" class=\"frm_primary_label\">Service choisis \n\t\t<span class=\"frm_required\" aria-hidden=\"true\">*<\/span>\n\t<\/div>\n\t<div class=\"frm_opt_container\" aria-labelledby=\"field_x65ex_label\" role=\"group\">\t\t<div class=\"frm_checkbox\" id=\"frm_checkbox_409-0\">\t\t\t<label  for=\"field_x65ex-0\">\n\t\t\t<input type=\"checkbox\" name=\"item_meta[409][]\" id=\"field_x65ex-0\" value=\"Fauteuil\/Canap\u00e9\"  data-reqmsg=\"Service choisis  ne peut pas \u00eatre vide.\" data-invmsg=\"Service choisis  is invalid\"   aria-required=\"true\"  \/> Fauteuil\/Canap\u00e9<\/label><\/div>\n\t\t<div class=\"frm_checkbox\" id=\"frm_checkbox_409-1\">\t\t\t<label  for=\"field_x65ex-1\">\n\t\t\t<input type=\"checkbox\" name=\"item_meta[409][]\" id=\"field_x65ex-1\" value=\"Matelas\"  data-reqmsg=\"Service choisis  ne peut pas \u00eatre vide.\" data-invmsg=\"Service choisis  is invalid\"   \/> Matelas<\/label><\/div>\n\t\t<div class=\"frm_checkbox\" id=\"frm_checkbox_409-2\">\t\t\t<label  for=\"field_x65ex-2\">\n\t\t\t<input type=\"checkbox\" name=\"item_meta[409][]\" id=\"field_x65ex-2\" value=\"Chaises\"  data-reqmsg=\"Service choisis  ne peut pas \u00eatre vide.\" data-invmsg=\"Service choisis  is invalid\"   \/> Chaises<\/label><\/div>\n\t\t<div class=\"frm_checkbox\" id=\"frm_checkbox_409-3\">\t\t\t<label  for=\"field_x65ex-3\">\n\t\t\t<input type=\"checkbox\" name=\"item_meta[409][]\" id=\"field_x65ex-3\" value=\"Voiture Citadine\"  data-reqmsg=\"Service choisis  ne peut pas \u00eatre vide.\" data-invmsg=\"Service choisis  is invalid\"   \/> Voiture Citadine<\/label><\/div>\n\t\t<div class=\"frm_checkbox\" id=\"frm_checkbox_409-4\">\t\t\t<label  for=\"field_x65ex-4\">\n\t\t\t<input type=\"checkbox\" name=\"item_meta[409][]\" id=\"field_x65ex-4\" value=\"Voiture Berline\"  data-reqmsg=\"Service choisis  ne peut pas \u00eatre vide.\" data-invmsg=\"Service choisis  is invalid\"   \/> Voiture Berline<\/label><\/div>\n\t\t<div class=\"frm_checkbox\" id=\"frm_checkbox_409-5\">\t\t\t<label  for=\"field_x65ex-5\">\n\t\t\t<input type=\"checkbox\" name=\"item_meta[409][]\" id=\"field_x65ex-5\" value=\"Voiture SUV\"  data-reqmsg=\"Service choisis  ne peut pas \u00eatre vide.\" data-invmsg=\"Service choisis  is invalid\"   \/> Voiture SUV<\/label><\/div>\n\t\t<div class=\"frm_checkbox\" id=\"frm_checkbox_409-6\">\t\t\t<label  for=\"field_x65ex-6\">\n\t\t\t<input type=\"checkbox\" name=\"item_meta[409][]\" id=\"field_x65ex-6\" value=\"Voiture Monospace\"  data-reqmsg=\"Service choisis  ne peut pas \u00eatre vide.\" data-invmsg=\"Service choisis  is invalid\"   \/> Voiture Monospace<\/label><\/div>\n\t\t<div class=\"frm_checkbox\" id=\"frm_checkbox_409-7\">\t\t\t<label  for=\"field_x65ex-7\">\n\t\t\t<input type=\"checkbox\" name=\"item_meta[409][]\" id=\"field_x65ex-7\" value=\"Tracteur SPL\"  data-reqmsg=\"Service choisis  ne peut pas \u00eatre vide.\" data-invmsg=\"Service choisis  is invalid\"   \/> Tracteur SPL<\/label><\/div>\n\t\t<div class=\"frm_checkbox\" id=\"frm_checkbox_409-8\">\t\t\t<label  for=\"field_x65ex-8\">\n\t\t\t<input type=\"checkbox\" name=\"item_meta[409][]\" id=\"field_x65ex-8\" value=\"Porteur\"  data-reqmsg=\"Service choisis  ne peut pas \u00eatre vide.\" data-invmsg=\"Service choisis  is invalid\"   \/> Porteur<\/label><\/div>\n\t\t<div class=\"frm_checkbox\" id=\"frm_checkbox_409-9\">\t\t\t<label  for=\"field_x65ex-9\">\n\t\t\t<input type=\"checkbox\" name=\"item_meta[409][]\" id=\"field_x65ex-9\" value=\"Mini BUS\"  data-reqmsg=\"Service choisis  ne peut pas \u00eatre vide.\" data-invmsg=\"Service choisis  is invalid\"   \/> Mini BUS<\/label><\/div>\n<\/div>\n\t\n\t\n<\/div>\n<div id=\"frm_field_411_container\" class=\"frm_form_field form-field  frm_required_field frm_top_container frm_third vertical_radio\">\n\t<div  id=\"field_4rzmb_label\" class=\"frm_primary_label\">Formule choisis :\n\t\t<span class=\"frm_required\" aria-hidden=\"true\">*<\/span>\n\t<\/div>\n\t<div class=\"frm_opt_container\" aria-labelledby=\"field_4rzmb_label\" role=\"group\">\t\t<div class=\"frm_checkbox\" id=\"frm_checkbox_411-0\">\t\t\t<label  for=\"field_4rzmb-0\">\n\t\t\t<input type=\"checkbox\" name=\"item_meta[411][]\" id=\"field_4rzmb-0\" value=\"Formule Expresse\"  data-reqmsg=\"Formule choisis : ne peut pas \u00eatre vide.\" data-invmsg=\"Formule choisis : is invalid\"   aria-required=\"true\"  \/> Formule Expresse<\/label><\/div>\n\t\t<div class=\"frm_checkbox\" id=\"frm_checkbox_411-1\">\t\t\t<label  for=\"field_4rzmb-1\">\n\t\t\t<input type=\"checkbox\" name=\"item_meta[411][]\" id=\"field_4rzmb-1\" value=\"Formule Premium\"  data-reqmsg=\"Formule choisis : ne peut pas \u00eatre vide.\" data-invmsg=\"Formule choisis : is invalid\"   \/> Formule Premium<\/label><\/div>\n\t\t<div class=\"frm_checkbox\" id=\"frm_checkbox_411-2\">\t\t\t<label  for=\"field_4rzmb-2\">\n\t\t\t<input type=\"checkbox\" name=\"item_meta[411][]\" id=\"field_4rzmb-2\" value=\"Formule Prestige\"  data-reqmsg=\"Formule choisis : ne peut pas \u00eatre vide.\" data-invmsg=\"Formule choisis : is invalid\"   \/> Formule Prestige<\/label><\/div>\n<\/div>\n\t\n\t\n<\/div>\n<div id=\"frm_field_400_container\" class=\"frm_form_field form-field  frm_first frm_fourth\">\n\t<div class=\"frm_submit frm_flex\">\n<button class=\"frm_button_submit\" type=\"submit\"  >Obtenir Mon Devis<\/button>\n\n\n\n<\/div>\n<\/div>\n\t<input type=\"hidden\" name=\"item_key\" value=\"\" \/>\n\t\t\t<div id=\"frm_field_412_container\">\n\t\t\t<label for=\"field_u8dz3\" >\n\t\t\t\tIf you are human, leave this field blank.\t\t\t<\/label>\n\t\t\t<input  id=\"field_u8dz3\" type=\"text\" class=\"frm_form_field form-field frm_verify\" name=\"item_meta[412]\" value=\"\"  \/>\n\t\t<\/div>\n\t\t<input name=\"frm_state\" type=\"hidden\" value=\"AiAAF4Se9kF85XJ1FKJkrWH8r+oNtXYcthedwHKdKck=\" \/><\/div>\n<\/fieldset>\n<\/div>\n\n<\/form>\n<\/div>\n\t\t\t\t<\/div>\n\t\t\t\t<\/div>\n\t\t\t\t<\/header>\n\t\t\t\t<\/div>\n\t\t","protected":false},"excerpt":{"rendered":"<p>Vous avez des taches ? Appelez RUNWASH ! Vous avez des taches ? Appelez RUNWASH ! Nom : * Pr\u00e9nom : * T\u00e9l\u00e9phone : * Email : * Adresse : * Votre mobilier textile\/v\u00e9hicule poss\u00e8de-t-il des t\u00e2ches ? * Service choisis * Fauteuil\/Canap\u00e9 Matelas Chaises Voiture Citadine Voiture Berline Voiture SUV Voiture Monospace Tracteur SPL [&hellip;]<\/p>\n","protected":false},"author":1,"featured_media":0,"parent":0,"menu_order":0,"comment_status":"closed","ping_status":"closed","template":"","meta":{"footnotes":""},"class_list":["post-119","page","type-page","status-publish","hentry","entry"],"yoast_head":"<!-- This site is optimized with the Yoast SEO plugin v27.3 - https:\/\/yoast.com\/product\/yoast-seo-wordpress\/ -->\n<title>Contact - RunWash<\/title>\n<meta name=\"robots\" content=\"index, follow, max-snippet:-1, max-image-preview:large, max-video-preview:-1\" \/>\n<link rel=\"canonical\" href=\"https:\/\/runwash.fr\/index.php\/contact\/\" \/>\n<meta property=\"og:locale\" content=\"en_US\" \/>\n<meta property=\"og:type\" content=\"article\" \/>\n<meta property=\"og:title\" content=\"Contact - RunWash\" \/>\n<meta property=\"og:description\" content=\"Vous avez des taches ? Appelez RUNWASH ! Vous avez des taches ? Appelez RUNWASH ! Nom : * Pr\u00e9nom : * T\u00e9l\u00e9phone : * Email : * Adresse : * Votre mobilier textile\/v\u00e9hicule poss\u00e8de-t-il des t\u00e2ches ? * Service choisis * Fauteuil\/Canap\u00e9 Matelas Chaises Voiture Citadine Voiture Berline Voiture SUV Voiture Monospace Tracteur SPL [&hellip;]\" \/>\n<meta property=\"og:url\" content=\"https:\/\/runwash.fr\/index.php\/contact\/\" \/>\n<meta property=\"og:site_name\" content=\"RunWash\" \/>\n<meta property=\"article:modified_time\" content=\"2025-02-08T22:21:12+00:00\" \/>\n<meta name=\"twitter:card\" content=\"summary_large_image\" \/>\n<meta name=\"twitter:label1\" content=\"Est. reading time\" \/>\n\t<meta name=\"twitter:data1\" content=\"1 minute\" \/>\n<script type=\"application\/ld+json\" class=\"yoast-schema-graph\">{\"@context\":\"https:\\\/\\\/schema.org\",\"@graph\":[{\"@type\":\"WebPage\",\"@id\":\"https:\\\/\\\/runwash.fr\\\/index.php\\\/contact\\\/\",\"url\":\"https:\\\/\\\/runwash.fr\\\/index.php\\\/contact\\\/\",\"name\":\"Contact - RunWash\",\"isPartOf\":{\"@id\":\"https:\\\/\\\/runwash.fr\\\/#website\"},\"datePublished\":\"2024-11-02T01:10:22+00:00\",\"dateModified\":\"2025-02-08T22:21:12+00:00\",\"breadcrumb\":{\"@id\":\"https:\\\/\\\/runwash.fr\\\/index.php\\\/contact\\\/#breadcrumb\"},\"inLanguage\":\"en-US\",\"potentialAction\":[{\"@type\":\"ReadAction\",\"target\":[\"https:\\\/\\\/runwash.fr\\\/index.php\\\/contact\\\/\"]}]},{\"@type\":\"BreadcrumbList\",\"@id\":\"https:\\\/\\\/runwash.fr\\\/index.php\\\/contact\\\/#breadcrumb\",\"itemListElement\":[{\"@type\":\"ListItem\",\"position\":1,\"name\":\"Accueil\",\"item\":\"https:\\\/\\\/runwash.fr\\\/\"},{\"@type\":\"ListItem\",\"position\":2,\"name\":\"Contact\"}]},{\"@type\":\"WebSite\",\"@id\":\"https:\\\/\\\/runwash.fr\\\/#website\",\"url\":\"https:\\\/\\\/runwash.fr\\\/\",\"name\":\"RunWash\",\"description\":\"Le bien-\u00eatre de votre famille, notre priorit\u00e9\",\"publisher\":{\"@id\":\"https:\\\/\\\/runwash.fr\\\/#organization\"},\"potentialAction\":[{\"@type\":\"SearchAction\",\"target\":{\"@type\":\"EntryPoint\",\"urlTemplate\":\"https:\\\/\\\/runwash.fr\\\/?s={search_term_string}\"},\"query-input\":{\"@type\":\"PropertyValueSpecification\",\"valueRequired\":true,\"valueName\":\"search_term_string\"}}],\"inLanguage\":\"en-US\"},{\"@type\":\"Organization\",\"@id\":\"https:\\\/\\\/runwash.fr\\\/#organization\",\"name\":\"RunWash\",\"url\":\"https:\\\/\\\/runwash.fr\\\/\",\"logo\":{\"@type\":\"ImageObject\",\"inLanguage\":\"en-US\",\"@id\":\"https:\\\/\\\/runwash.fr\\\/#\\\/schema\\\/logo\\\/image\\\/\",\"url\":\"https:\\\/\\\/runwash.fr\\\/wp-content\\\/uploads\\\/2024\\\/11\\\/cropped-Logo_RW_V5-removebg-preview-2-1.png\",\"contentUrl\":\"https:\\\/\\\/runwash.fr\\\/wp-content\\\/uploads\\\/2024\\\/11\\\/cropped-Logo_RW_V5-removebg-preview-2-1.png\",\"width\":457,\"height\":216,\"caption\":\"RunWash\"},\"image\":{\"@id\":\"https:\\\/\\\/runwash.fr\\\/#\\\/schema\\\/logo\\\/image\\\/\"}}]}<\/script>\n<!-- \/ Yoast SEO plugin. -->","yoast_head_json":{"title":"Contact - RunWash","robots":{"index":"index","follow":"follow","max-snippet":"max-snippet:-1","max-image-preview":"max-image-preview:large","max-video-preview":"max-video-preview:-1"},"canonical":"https:\/\/runwash.fr\/index.php\/contact\/","og_locale":"en_US","og_type":"article","og_title":"Contact - RunWash","og_description":"Vous avez des taches ? Appelez RUNWASH ! Vous avez des taches ? Appelez RUNWASH ! Nom : * Pr\u00e9nom : * T\u00e9l\u00e9phone : * Email : * Adresse : * Votre mobilier textile\/v\u00e9hicule poss\u00e8de-t-il des t\u00e2ches ? * Service choisis * Fauteuil\/Canap\u00e9 Matelas Chaises Voiture Citadine Voiture Berline Voiture SUV Voiture Monospace Tracteur SPL [&hellip;]","og_url":"https:\/\/runwash.fr\/index.php\/contact\/","og_site_name":"RunWash","article_modified_time":"2025-02-08T22:21:12+00:00","twitter_card":"summary_large_image","twitter_misc":{"Est. reading time":"1 minute"},"schema":{"@context":"https:\/\/schema.org","@graph":[{"@type":"WebPage","@id":"https:\/\/runwash.fr\/index.php\/contact\/","url":"https:\/\/runwash.fr\/index.php\/contact\/","name":"Contact - RunWash","isPartOf":{"@id":"https:\/\/runwash.fr\/#website"},"datePublished":"2024-11-02T01:10:22+00:00","dateModified":"2025-02-08T22:21:12+00:00","breadcrumb":{"@id":"https:\/\/runwash.fr\/index.php\/contact\/#breadcrumb"},"inLanguage":"en-US","potentialAction":[{"@type":"ReadAction","target":["https:\/\/runwash.fr\/index.php\/contact\/"]}]},{"@type":"BreadcrumbList","@id":"https:\/\/runwash.fr\/index.php\/contact\/#breadcrumb","itemListElement":[{"@type":"ListItem","position":1,"name":"Accueil","item":"https:\/\/runwash.fr\/"},{"@type":"ListItem","position":2,"name":"Contact"}]},{"@type":"WebSite","@id":"https:\/\/runwash.fr\/#website","url":"https:\/\/runwash.fr\/","name":"RunWash","description":"Le bien-\u00eatre de votre famille, notre priorit\u00e9","publisher":{"@id":"https:\/\/runwash.fr\/#organization"},"potentialAction":[{"@type":"SearchAction","target":{"@type":"EntryPoint","urlTemplate":"https:\/\/runwash.fr\/?s={search_term_string}"},"query-input":{"@type":"PropertyValueSpecification","valueRequired":true,"valueName":"search_term_string"}}],"inLanguage":"en-US"},{"@type":"Organization","@id":"https:\/\/runwash.fr\/#organization","name":"RunWash","url":"https:\/\/runwash.fr\/","logo":{"@type":"ImageObject","inLanguage":"en-US","@id":"https:\/\/runwash.fr\/#\/schema\/logo\/image\/","url":"https:\/\/runwash.fr\/wp-content\/uploads\/2024\/11\/cropped-Logo_RW_V5-removebg-preview-2-1.png","contentUrl":"https:\/\/runwash.fr\/wp-content\/uploads\/2024\/11\/cropped-Logo_RW_V5-removebg-preview-2-1.png","width":457,"height":216,"caption":"RunWash"},"image":{"@id":"https:\/\/runwash.fr\/#\/schema\/logo\/image\/"}}]}},"_links":{"self":[{"href":"https:\/\/runwash.fr\/index.php\/wp-json\/wp\/v2\/pages\/119","targetHints":{"allow":["GET"]}}],"collection":[{"href":"https:\/\/runwash.fr\/index.php\/wp-json\/wp\/v2\/pages"}],"about":[{"href":"https:\/\/runwash.fr\/index.php\/wp-json\/wp\/v2\/types\/page"}],"author":[{"embeddable":true,"href":"https:\/\/runwash.fr\/index.php\/wp-json\/wp\/v2\/users\/1"}],"replies":[{"embeddable":true,"href":"https:\/\/runwash.fr\/index.php\/wp-json\/wp\/v2\/comments?post=119"}],"version-history":[{"count":10,"href":"https:\/\/runwash.fr\/index.php\/wp-json\/wp\/v2\/pages\/119\/revisions"}],"predecessor-version":[{"id":5193,"href":"https:\/\/runwash.fr\/index.php\/wp-json\/wp\/v2\/pages\/119\/revisions\/5193"}],"wp:attachment":[{"href":"https:\/\/runwash.fr\/index.php\/wp-json\/wp\/v2\/media?parent=119"}],"curies":[{"name":"wp","href":"https:\/\/api.w.org\/{rel}","templated":true}]}}