{"id":1385,"date":"2024-11-19T18:06:54","date_gmt":"2024-11-19T17:06:54","guid":{"rendered":"https:\/\/runwash.fr\/?page_id=1385"},"modified":"2024-11-19T18:08:55","modified_gmt":"2024-11-19T17:08:55","slug":"commencer-mon-devis-camion-mini-bus","status":"publish","type":"page","link":"https:\/\/runwash.fr\/index.php\/commencer-mon-devis-camion-mini-bus\/","title":{"rendered":"Commencer mon devis camion\/mini bus"},"content":{"rendered":"\t\t<div data-elementor-type=\"wp-page\" data-elementor-id=\"1385\" class=\"elementor elementor-1385\">\n\t\t\t\t<div class=\"elementor-element elementor-element-f22d0c0 e-flex e-con-boxed e-con e-parent\" data-id=\"f22d0c0\" data-element_type=\"container\" data-e-type=\"container\" data-settings=\"{&quot;background_background&quot;:&quot;classic&quot;,&quot;shape_divider_top&quot;:&quot;arrow&quot;}\">\n\t\t\t\t\t<div class=\"e-con-inner\">\n\t\t\t\t<div class=\"elementor-shape elementor-shape-top\" aria-hidden=\"true\" data-negative=\"false\">\n\t\t\t<svg xmlns=\"http:\/\/www.w3.org\/2000\/svg\" viewBox=\"0 0 700 10\" preserveAspectRatio=\"none\">\n\t<path class=\"elementor-shape-fill\" d=\"M350,10L340,0h20L350,10z\"\/>\n<\/svg>\t\t<\/div>\n\t\t\t\t<div class=\"elementor-element elementor-element-39531f0d elementor-widget elementor-widget-heading\" data-id=\"39531f0d\" data-element_type=\"widget\" data-e-type=\"widget\" data-widget_type=\"heading.default\">\n\t\t\t\t<div class=\"elementor-widget-container\">\n\t\t\t\t\t<h2 class=\"elementor-heading-title elementor-size-default\">COMPLETEZ LES INFORMATIONS MANQUANTES, CHOISISSEZ LE SERVICE ET LA FORMULE VOULU AFIN D'OBTENIR VOTRE DEVIS GRATUITEMENT<\/h2>\t\t\t\t<\/div>\n\t\t\t\t<\/div>\n\t\t\t\t\t<\/div>\n\t\t\t\t<\/div>\n\t\t<div class=\"elementor-element elementor-element-d390d09 e-flex e-con-boxed e-con e-parent\" data-id=\"d390d09\" data-element_type=\"container\" data-e-type=\"container\" data-settings=\"{&quot;shape_divider_top&quot;:&quot;triangle&quot;}\">\n\t\t\t\t\t<div class=\"e-con-inner\">\n\t\t\t\t<div class=\"elementor-shape elementor-shape-top\" aria-hidden=\"true\" data-negative=\"false\">\n\t\t\t<svg xmlns=\"http:\/\/www.w3.org\/2000\/svg\" viewBox=\"0 0 1000 100\" preserveAspectRatio=\"none\">\n\t<path class=\"elementor-shape-fill\" d=\"M500,98.9L0,6.1V0h1000v6.1L500,98.9z\"\/>\n<\/svg>\t\t<\/div>\n\t\t\t\t\t<\/div>\n\t\t\t\t<\/div>\n\t\t<div class=\"elementor-element elementor-element-478eddb1 e-flex e-con-boxed e-con e-parent\" data-id=\"478eddb1\" data-element_type=\"container\" data-e-type=\"container\" data-settings=\"{&quot;background_background&quot;:&quot;classic&quot;}\">\n\t\t\t\t\t<div class=\"e-con-inner\">\n\t\t<div class=\"elementor-element elementor-element-220c4a98 e-con-full e-flex e-con e-child\" data-id=\"220c4a98\" data-element_type=\"container\" data-e-type=\"container\">\n\t\t\t\t<div class=\"elementor-element elementor-element-6f2eeb6f elementor-widget elementor-widget-formidable\" data-id=\"6f2eeb6f\" data-element_type=\"widget\" data-e-type=\"widget\" data-widget_type=\"formidable.default\">\n\t\t\t\t<div class=\"elementor-widget-container\">\n\t\t\t\t\t<div class=\"frm_forms  with_frm_style frm_style_style-formidable\" id=\"frm_form_31_container\" data-token=\"4bb7072dc6dff8e3bfc4a2ee603e0f52\">\n<form enctype=\"multipart\/form-data\" method=\"post\" class=\"frm-show-form \" id=\"form_commencer-mon-devis-camion-bus\" data-token=\"4bb7072dc6dff8e3bfc4a2ee603e0f52\">\n<div class=\"frm_form_fields \">\n<fieldset>\n<legend class=\"frm_screen_reader\">Commencer mon devis camion\/mini bus<\/legend>\r\n<h3 class=\"frm_form_title\">Commencer mon devis camion\/mini bus<\/h3>\r\n<div class=\"frm_fields_container\">\n<input type=\"hidden\" name=\"frm_action\" value=\"create\" \/>\n<input type=\"hidden\" name=\"form_id\" value=\"31\" \/>\n<input type=\"hidden\" name=\"frm_hide_fields_31\" id=\"frm_hide_fields_31\" value=\"\" \/>\n<input type=\"hidden\" name=\"form_key\" value=\"commencer-mon-devis-camion-bus\" \/>\n<input type=\"hidden\" name=\"item_meta[0]\" value=\"\" \/>\n<input type=\"hidden\" id=\"frm_submit_entry_31\" name=\"frm_submit_entry_31\" value=\"ca0c1c70d5\" \/><input type=\"hidden\" name=\"_wp_http_referer\" value=\"\/index.php\/wp-json\/wp\/v2\/pages\/1385\" \/><div id=\"frm_field_311_container\" class=\"frm_form_field form-field  frm_required_field frm_top_container frm_first frm_third\">\r\n\t<label for=\"field_kwwoy\" id=\"field_kwwoy_label\" class=\"frm_primary_label\">Nom :\r\n\t\t<span class=\"frm_required\" aria-hidden=\"true\">*<\/span>\r\n\t<\/label>\r\n\t<input type=\"text\" id=\"field_kwwoy\" name=\"item_meta[311]\" value=\"\"  placeholder=\"Nom\" data-reqmsg=\"Nom : ne peut pas \u00eatre vide.\" aria-required=\"true\" data-invmsg=\"Nom : est non valide\" aria-invalid=\"false\"  \/>\r\n\t\r\n\t\r\n<\/div>\n<div id=\"frm_field_312_container\" class=\"frm_form_field form-field  frm_required_field frm_top_container frm_third\">\r\n\t<label for=\"field_3vdjg\" id=\"field_3vdjg_label\" class=\"frm_primary_label\">Pr\u00e9nom :\r\n\t\t<span class=\"frm_required\" aria-hidden=\"true\">*<\/span>\r\n\t<\/label>\r\n\t<input type=\"text\" id=\"field_3vdjg\" name=\"item_meta[312]\" value=\"\"  placeholder=\"Pr\u00e9nom\" data-reqmsg=\"Pr\u00e9nom : ne peut pas \u00eatre vide.\" aria-required=\"true\" data-invmsg=\"Pr\u00e9nom : est non valide\" aria-invalid=\"false\"  \/>\r\n\t\r\n\t\r\n<\/div>\n<div id=\"frm_field_313_container\" class=\"frm_form_field form-field  frm_required_field frm_top_container frm_first frm_third\">\r\n\t<label for=\"field_tn0if\" id=\"field_tn0if_label\" class=\"frm_primary_label\">T\u00e9l\u00e9phone :\r\n\t\t<span class=\"frm_required\" aria-hidden=\"true\">*<\/span>\r\n\t<\/label>\r\n\t<input type=\"tel\" id=\"field_tn0if\" name=\"item_meta[313]\" value=\"\"  placeholder=\"0612345678\" data-reqmsg=\"T\u00e9l\u00e9phone : ne peut pas \u00eatre vide.\" aria-required=\"true\" data-invmsg=\"T\u00e9l\u00e9phone : est non valide\" aria-invalid=\"false\" pattern=\"((\\+\\d{1,3}(-|.| )?\\(?\\d\\)?(-| |.)?\\d{1,5})|(\\(?\\d{2,6}\\)?))(-|.| )?(\\d{3,4})(-|.| )?(\\d{4})(( x| ext)\\d{1,5}){0,1}$\"  \/>\r\n\t\r\n\t\r\n<\/div>\n<div id=\"frm_field_314_container\" class=\"frm_form_field form-field  frm_required_field frm_top_container frm_third\">\r\n\t<label for=\"field_1ny0j\" id=\"field_1ny0j_label\" class=\"frm_primary_label\">Email :\r\n\t\t<span class=\"frm_required\" aria-hidden=\"true\">*<\/span>\r\n\t<\/label>\r\n\t<input type=\"email\" id=\"field_1ny0j\" name=\"item_meta[314]\" value=\"\"  placeholder=\"adressemail@gmail.com\" data-reqmsg=\"Email : ne peut pas \u00eatre vide.\" aria-required=\"true\" data-invmsg=\"Email : est non valide\" aria-invalid=\"false\"  \/>\r\n\t\r\n\t\r\n<\/div>\n<div id=\"frm_field_315_container\" class=\"frm_form_field form-field  frm_required_field frm_top_container frm_two_thirds\">\r\n\t<label for=\"field_l7443\" id=\"field_l7443_label\" class=\"frm_primary_label\">Adresse :\r\n\t\t<span class=\"frm_required\" aria-hidden=\"true\">*<\/span>\r\n\t<\/label>\r\n\t<input type=\"text\" id=\"field_l7443\" name=\"item_meta[315]\" value=\"\"  placeholder=\"Rue de B\u00e9thune, 59000 LILLE\" data-reqmsg=\"Adresse : ne peut pas \u00eatre vide.\" aria-required=\"true\" data-invmsg=\"Adresse : est non valide\" aria-invalid=\"false\"  \/>\r\n\t\r\n\t\r\n<\/div>\n<div id=\"frm_field_316_container\" class=\"frm_form_field form-field  frm_required_field frm_top_container frm_two_thirds\">\r\n\t<label for=\"field_uhd0z\" id=\"field_uhd0z_label\" class=\"frm_primary_label\">Votre v\u00e9hicule poss\u00e8de des t\u00e2ches ? :\r\n\t\t<span class=\"frm_required\" aria-hidden=\"true\">*<\/span>\r\n\t<\/label>\r\n\t<input type=\"text\" id=\"field_uhd0z\" name=\"item_meta[316]\" value=\"\"  placeholder=\"De sang ? D&#039;urine ? De moisissure ?\" data-reqmsg=\"Votre v\u00e9hicule poss\u00e8de des t\u00e2ches ? : ne peut pas \u00eatre vide.\" aria-required=\"true\" data-invmsg=\"Votre v\u00e9hicule poss\u00e8de des t\u00e2ches ? : est non valide\" aria-invalid=\"false\"  \/>\r\n\t\r\n\t\r\n<\/div>\n<div id=\"frm_field_317_container\" class=\"frm_form_field form-field  frm_required_field frm_top_container frm_first frm_third\">\r\n\t<label for=\"field_m37m\" id=\"field_m37m_label\" class=\"frm_primary_label\">Service choisis :\r\n\t\t<span class=\"frm_required\" aria-hidden=\"true\">*<\/span>\r\n\t<\/label>\r\n\t\t\t<select name=\"item_meta[317]\" id=\"field_m37m\"  data-frmval=\"Tracteur SPL\" data-reqmsg=\"Service choisis : ne peut pas \u00eatre vide.\" aria-required=\"true\" data-invmsg=\"Service choisis : is invalid\" aria-invalid=\"false\"  >\n\t\t<option  value=\"Tracteur SPL\" selected='selected'>Tracteur SPL<\/option><option  value=\"Porteur\">Porteur<\/option><option  value=\"Mini BUS\">Mini BUS<\/option>\t<\/select>\n\t\r\n\t\r\n\t\r\n<\/div>\n<div id=\"frm_field_318_container\" class=\"frm_form_field form-field  frm_required_field frm_top_container frm_third\">\r\n\t<label for=\"field_hi4ja\" id=\"field_hi4ja_label\" class=\"frm_primary_label\">Formule choisis :\r\n\t\t<span class=\"frm_required\" aria-hidden=\"true\">*<\/span>\r\n\t<\/label>\r\n\t\t\t<select name=\"item_meta[318]\" id=\"field_hi4ja\"  data-frmval=\"Formule Expresse\" data-reqmsg=\"Formule choisis : ne peut pas \u00eatre vide.\" aria-required=\"true\" data-invmsg=\"Formule choisis : is invalid\" aria-invalid=\"false\"  >\n\t\t<option  value=\"Formule Expresse\" selected='selected'>Formule Expresse<\/option><option  value=\"Formule Premium\">Formule Premium<\/option><option  value=\"Formule Prestige\">Formule Prestige<\/option>\t<\/select>\n\t\r\n\t\r\n\t\r\n<\/div>\n<div id=\"frm_field_310_container\" class=\"frm_form_field form-field  frm_first frm_fourth\">\r\n\t<div class=\"frm_submit frm_flex\">\r\n<button class=\"frm_button_submit\" type=\"submit\"  >Obtenir Mon Devis<\/button>\r\n\r\n\r\n\r\n<\/div>\r\n<\/div>\n\t<input type=\"hidden\" name=\"item_key\" value=\"\" \/>\n\t\t\t<div id=\"frm_field_412_container\">\n\t\t\t<label for=\"field_zc4xw\" >\n\t\t\t\tIf you are human, leave this field blank.\t\t\t<\/label>\n\t\t\t<input  id=\"field_zc4xw\" type=\"text\" class=\"frm_form_field form-field frm_verify\" name=\"item_meta[412]\" value=\"\"  \/>\n\t\t<\/div>\n\t\t<input name=\"frm_state\" type=\"hidden\" value=\"AiAAF4Se9kF85XJ1FKJkrWH8r+oNtXYcthedwHKdKck=\" \/><\/div>\n<\/fieldset>\n<\/div>\n\n<\/form>\n<\/div>\n\t\t\t\t<\/div>\n\t\t\t\t<\/div>\n\t\t\t\t<\/div>\n\t\t\t\t<div class=\"elementor-element elementor-element-15077e6 elementor-align-justify elementor-widget elementor-widget-button\" data-id=\"15077e6\" data-element_type=\"widget\" data-e-type=\"widget\" data-widget_type=\"button.default\">\n\t\t\t\t<div class=\"elementor-widget-container\">\n\t\t\t\t\t\t\t\t\t<div class=\"elementor-button-wrapper\">\n\t\t\t\t\t<a class=\"elementor-button elementor-button-link elementor-size-sm\" href=\"https:\/\/runwash.fr\/index.php\/commencer-mon-devis-camion-mini-bus\/\">\n\t\t\t\t\t\t<span class=\"elementor-button-content-wrapper\">\n\t\t\t\t\t\t\t\t\t<span class=\"elementor-button-text\">COMMENCER MON DEVIS<\/span>\n\t\t\t\t\t<\/span>\n\t\t\t\t\t<\/a>\n\t\t\t\t<\/div>\n\t\t\t\t\t\t\t\t<\/div>\n\t\t\t\t<\/div>\n\t\t\t\t\t<\/div>\n\t\t\t\t<\/div>\n\t\t\t\t<\/div>\n\t\t","protected":false},"excerpt":{"rendered":"<p>COMPLETEZ LES INFORMATIONS MANQUANTES, CHOISISSEZ LE SERVICE ET LA FORMULE VOULU AFIN D&#8217;OBTENIR VOTRE DEVIS GRATUITEMENT Commencer mon devis camion\/mini bus Commencer mon devis camion\/mini bus Nom : * Pr\u00e9nom : * T\u00e9l\u00e9phone : * Email : * Adresse : * Votre v\u00e9hicule poss\u00e8de des t\u00e2ches ? : * Service choisis : * Tracteur SPLPorteurMini [&hellip;]<\/p>\n","protected":false},"author":1,"featured_media":0,"parent":0,"menu_order":0,"comment_status":"closed","ping_status":"closed","template":"","meta":{"footnotes":""},"class_list":["post-1385","page","type-page","status-publish","hentry","entry"],"yoast_head":"<!-- This site is optimized with the Yoast SEO plugin v27.3 - https:\/\/yoast.com\/product\/yoast-seo-wordpress\/ -->\n<title>Commencer mon devis camion\/mini bus - RunWash<\/title>\n<meta name=\"robots\" content=\"index, follow, max-snippet:-1, max-image-preview:large, max-video-preview:-1\" \/>\n<link rel=\"canonical\" href=\"https:\/\/runwash.fr\/index.php\/commencer-mon-devis-camion-mini-bus\/\" \/>\n<meta property=\"og:locale\" content=\"en_US\" \/>\n<meta property=\"og:type\" content=\"article\" \/>\n<meta property=\"og:title\" content=\"Commencer mon devis camion\/mini bus - RunWash\" \/>\n<meta property=\"og:description\" content=\"COMPLETEZ LES INFORMATIONS MANQUANTES, CHOISISSEZ LE SERVICE ET LA FORMULE VOULU AFIN D&#8217;OBTENIR VOTRE DEVIS GRATUITEMENT Commencer mon devis camion\/mini bus Commencer mon devis camion\/mini bus Nom : * Pr\u00e9nom : * T\u00e9l\u00e9phone : * Email : * Adresse : * Votre v\u00e9hicule poss\u00e8de des t\u00e2ches ? : * Service choisis : * Tracteur SPLPorteurMini [&hellip;]\" \/>\n<meta property=\"og:url\" content=\"https:\/\/runwash.fr\/index.php\/commencer-mon-devis-camion-mini-bus\/\" \/>\n<meta property=\"og:site_name\" content=\"RunWash\" \/>\n<meta property=\"article:modified_time\" content=\"2024-11-19T17:08:55+00:00\" \/>\n<meta name=\"twitter:card\" content=\"summary_large_image\" \/>\n<meta name=\"twitter:label1\" content=\"Est. reading time\" \/>\n\t<meta name=\"twitter:data1\" content=\"1 minute\" \/>\n<script type=\"application\/ld+json\" class=\"yoast-schema-graph\">{\"@context\":\"https:\\\/\\\/schema.org\",\"@graph\":[{\"@type\":\"WebPage\",\"@id\":\"https:\\\/\\\/runwash.fr\\\/index.php\\\/commencer-mon-devis-camion-mini-bus\\\/\",\"url\":\"https:\\\/\\\/runwash.fr\\\/index.php\\\/commencer-mon-devis-camion-mini-bus\\\/\",\"name\":\"Commencer mon devis camion\\\/mini bus - RunWash\",\"isPartOf\":{\"@id\":\"https:\\\/\\\/runwash.fr\\\/#website\"},\"datePublished\":\"2024-11-19T17:06:54+00:00\",\"dateModified\":\"2024-11-19T17:08:55+00:00\",\"breadcrumb\":{\"@id\":\"https:\\\/\\\/runwash.fr\\\/index.php\\\/commencer-mon-devis-camion-mini-bus\\\/#breadcrumb\"},\"inLanguage\":\"en-US\",\"potentialAction\":[{\"@type\":\"ReadAction\",\"target\":[\"https:\\\/\\\/runwash.fr\\\/index.php\\\/commencer-mon-devis-camion-mini-bus\\\/\"]}]},{\"@type\":\"BreadcrumbList\",\"@id\":\"https:\\\/\\\/runwash.fr\\\/index.php\\\/commencer-mon-devis-camion-mini-bus\\\/#breadcrumb\",\"itemListElement\":[{\"@type\":\"ListItem\",\"position\":1,\"name\":\"Accueil\",\"item\":\"https:\\\/\\\/runwash.fr\\\/\"},{\"@type\":\"ListItem\",\"position\":2,\"name\":\"Commencer mon devis camion\\\/mini bus\"}]},{\"@type\":\"WebSite\",\"@id\":\"https:\\\/\\\/runwash.fr\\\/#website\",\"url\":\"https:\\\/\\\/runwash.fr\\\/\",\"name\":\"RunWash\",\"description\":\"Le bien-\u00eatre de votre famille, notre priorit\u00e9\",\"publisher\":{\"@id\":\"https:\\\/\\\/runwash.fr\\\/#organization\"},\"potentialAction\":[{\"@type\":\"SearchAction\",\"target\":{\"@type\":\"EntryPoint\",\"urlTemplate\":\"https:\\\/\\\/runwash.fr\\\/?s={search_term_string}\"},\"query-input\":{\"@type\":\"PropertyValueSpecification\",\"valueRequired\":true,\"valueName\":\"search_term_string\"}}],\"inLanguage\":\"en-US\"},{\"@type\":\"Organization\",\"@id\":\"https:\\\/\\\/runwash.fr\\\/#organization\",\"name\":\"RunWash\",\"url\":\"https:\\\/\\\/runwash.fr\\\/\",\"logo\":{\"@type\":\"ImageObject\",\"inLanguage\":\"en-US\",\"@id\":\"https:\\\/\\\/runwash.fr\\\/#\\\/schema\\\/logo\\\/image\\\/\",\"url\":\"https:\\\/\\\/runwash.fr\\\/wp-content\\\/uploads\\\/2024\\\/11\\\/cropped-Logo_RW_V5-removebg-preview-2-1.png\",\"contentUrl\":\"https:\\\/\\\/runwash.fr\\\/wp-content\\\/uploads\\\/2024\\\/11\\\/cropped-Logo_RW_V5-removebg-preview-2-1.png\",\"width\":457,\"height\":216,\"caption\":\"RunWash\"},\"image\":{\"@id\":\"https:\\\/\\\/runwash.fr\\\/#\\\/schema\\\/logo\\\/image\\\/\"}}]}<\/script>\n<!-- \/ Yoast SEO plugin. -->","yoast_head_json":{"title":"Commencer mon devis camion\/mini bus - RunWash","robots":{"index":"index","follow":"follow","max-snippet":"max-snippet:-1","max-image-preview":"max-image-preview:large","max-video-preview":"max-video-preview:-1"},"canonical":"https:\/\/runwash.fr\/index.php\/commencer-mon-devis-camion-mini-bus\/","og_locale":"en_US","og_type":"article","og_title":"Commencer mon devis camion\/mini bus - RunWash","og_description":"COMPLETEZ LES INFORMATIONS MANQUANTES, CHOISISSEZ LE SERVICE ET LA FORMULE VOULU AFIN D&#8217;OBTENIR VOTRE DEVIS GRATUITEMENT Commencer mon devis camion\/mini bus Commencer mon devis camion\/mini bus Nom : * Pr\u00e9nom : * T\u00e9l\u00e9phone : * Email : * Adresse : * Votre v\u00e9hicule poss\u00e8de des t\u00e2ches ? : * Service choisis : * Tracteur SPLPorteurMini [&hellip;]","og_url":"https:\/\/runwash.fr\/index.php\/commencer-mon-devis-camion-mini-bus\/","og_site_name":"RunWash","article_modified_time":"2024-11-19T17:08:55+00:00","twitter_card":"summary_large_image","twitter_misc":{"Est. reading time":"1 minute"},"schema":{"@context":"https:\/\/schema.org","@graph":[{"@type":"WebPage","@id":"https:\/\/runwash.fr\/index.php\/commencer-mon-devis-camion-mini-bus\/","url":"https:\/\/runwash.fr\/index.php\/commencer-mon-devis-camion-mini-bus\/","name":"Commencer mon devis camion\/mini bus - RunWash","isPartOf":{"@id":"https:\/\/runwash.fr\/#website"},"datePublished":"2024-11-19T17:06:54+00:00","dateModified":"2024-11-19T17:08:55+00:00","breadcrumb":{"@id":"https:\/\/runwash.fr\/index.php\/commencer-mon-devis-camion-mini-bus\/#breadcrumb"},"inLanguage":"en-US","potentialAction":[{"@type":"ReadAction","target":["https:\/\/runwash.fr\/index.php\/commencer-mon-devis-camion-mini-bus\/"]}]},{"@type":"BreadcrumbList","@id":"https:\/\/runwash.fr\/index.php\/commencer-mon-devis-camion-mini-bus\/#breadcrumb","itemListElement":[{"@type":"ListItem","position":1,"name":"Accueil","item":"https:\/\/runwash.fr\/"},{"@type":"ListItem","position":2,"name":"Commencer mon devis camion\/mini bus"}]},{"@type":"WebSite","@id":"https:\/\/runwash.fr\/#website","url":"https:\/\/runwash.fr\/","name":"RunWash","description":"Le bien-\u00eatre de votre famille, notre priorit\u00e9","publisher":{"@id":"https:\/\/runwash.fr\/#organization"},"potentialAction":[{"@type":"SearchAction","target":{"@type":"EntryPoint","urlTemplate":"https:\/\/runwash.fr\/?s={search_term_string}"},"query-input":{"@type":"PropertyValueSpecification","valueRequired":true,"valueName":"search_term_string"}}],"inLanguage":"en-US"},{"@type":"Organization","@id":"https:\/\/runwash.fr\/#organization","name":"RunWash","url":"https:\/\/runwash.fr\/","logo":{"@type":"ImageObject","inLanguage":"en-US","@id":"https:\/\/runwash.fr\/#\/schema\/logo\/image\/","url":"https:\/\/runwash.fr\/wp-content\/uploads\/2024\/11\/cropped-Logo_RW_V5-removebg-preview-2-1.png","contentUrl":"https:\/\/runwash.fr\/wp-content\/uploads\/2024\/11\/cropped-Logo_RW_V5-removebg-preview-2-1.png","width":457,"height":216,"caption":"RunWash"},"image":{"@id":"https:\/\/runwash.fr\/#\/schema\/logo\/image\/"}}]}},"_links":{"self":[{"href":"https:\/\/runwash.fr\/index.php\/wp-json\/wp\/v2\/pages\/1385","targetHints":{"allow":["GET"]}}],"collection":[{"href":"https:\/\/runwash.fr\/index.php\/wp-json\/wp\/v2\/pages"}],"about":[{"href":"https:\/\/runwash.fr\/index.php\/wp-json\/wp\/v2\/types\/page"}],"author":[{"embeddable":true,"href":"https:\/\/runwash.fr\/index.php\/wp-json\/wp\/v2\/users\/1"}],"replies":[{"embeddable":true,"href":"https:\/\/runwash.fr\/index.php\/wp-json\/wp\/v2\/comments?post=1385"}],"version-history":[{"count":7,"href":"https:\/\/runwash.fr\/index.php\/wp-json\/wp\/v2\/pages\/1385\/revisions"}],"predecessor-version":[{"id":1392,"href":"https:\/\/runwash.fr\/index.php\/wp-json\/wp\/v2\/pages\/1385\/revisions\/1392"}],"wp:attachment":[{"href":"https:\/\/runwash.fr\/index.php\/wp-json\/wp\/v2\/media?parent=1385"}],"curies":[{"name":"wp","href":"https:\/\/api.w.org\/{rel}","templated":true}]}}