{"id":14,"date":"2024-11-01T01:17:37","date_gmt":"2024-11-01T00:17:37","guid":{"rendered":"https:\/\/runwash.fr\/?page_id=14"},"modified":"2024-11-02T09:17:03","modified_gmt":"2024-11-02T08:17:03","slug":"a-propos","status":"publish","type":"page","link":"https:\/\/runwash.fr\/index.php\/a-propos\/","title":{"rendered":"A propos"},"content":{"rendered":"\t\t<div data-elementor-type=\"wp-page\" data-elementor-id=\"14\" class=\"elementor elementor-14\">\n\t\t\t\t<div class=\"elementor-element elementor-element-eaa0d09 e-con-full e-flex e-con e-parent\" data-id=\"eaa0d09\" data-element_type=\"container\" data-e-type=\"container\" data-settings=\"{&quot;shape_divider_top&quot;:&quot;arrow&quot;,&quot;shape_divider_top_negative&quot;:&quot;yes&quot;}\">\n\t\t\t\t<div class=\"elementor-shape elementor-shape-top\" aria-hidden=\"true\" data-negative=\"true\">\n\t\t\t<svg xmlns=\"http:\/\/www.w3.org\/2000\/svg\" viewBox=\"0 0 700 10\" preserveAspectRatio=\"none\">\n\t<path class=\"elementor-shape-fill\" d=\"M360 0L350 9.9 340 0 0 0 0 10 700 10 700 0\"\/>\n<\/svg>\t\t<\/div>\n\t\t\t\t<div class=\"elementor-element elementor-element-f3dae8c elementor-widget__width-inherit elementor-widget-mobile__width-auto elementor-widget elementor-widget-text-editor\" data-id=\"f3dae8c\" data-element_type=\"widget\" data-e-type=\"widget\" data-widget_type=\"text-editor.default\">\n\t\t\t\t<div class=\"elementor-widget-container\">\n\t\t\t\t\t\t\t\t\t<p><span style=\"font-weight: 400;\">&nbsp;RunWash est une entreprise de nettoyage fond\u00e9e en 2024 par M. DIEZ Mickael exer\u00e7ant dans le Nord de la France.<\/span><\/p>\n<p><span style=\"font-weight: 400;\">Suite \u00e0 ses nombreux d\u00e9m\u00e9nagements il a constat\u00e9 l&#8217;importance d&#8217;entretenir son mobilier textile afin de ne pas devoir le renouveler tous les ans \u2026 Un Canap\u00e9, un Fauteuil, un Matelas, cela ferait une sacr\u00e9e d\u00e9pense !&nbsp;<\/span><\/p>\n<p><span style=\"font-weight: 400;\">Sans vous montrer l&#8217;\u00e9tat de la voiture apr\u00e8s chaque d\u00e9m\u00e9nagement et du manque d&#8217;entretien lors de son usage quotidien \u2026<\/span><\/p>\n<p><span style=\"font-weight: 400;\">Anciennement chauffeur Poids Lourd, passant plus de 12h\/jour et 6\/7 jours dans des camions. Il a constat\u00e9 au fil des ann\u00e9es que les chauffeurs accordent une tr\u00e8s forte attention \u00e0 l&#8217;hygi\u00e8ne des cabines.<\/span><\/p>\n<p><span style=\"font-weight: 400;\">Les camions ne sont \u00e0 l&#8217;arr\u00eat que quelques heures sur site et les soci\u00e9t\u00e9s de transport n&#8217;ont pas le temps de les nettoyer ou de les d\u00e9placer eux-m\u00eames dans un centre de nettoyage. C&#8217;est la raison pour laquelle ils s&#8217;encrassent rapidement.<\/span><\/p>\n<p><span style=\"font-weight: 400;\">Ce ph\u00e9nom\u00e8ne est accentu\u00e9 avec la poussi\u00e8re, la terre et la boue pour les soci\u00e9t\u00e9s de transport qui collaborent avec les fermes ainsi que dans le domaine des travaux publics ou forestiers.<\/span><\/p>\n<p><span style=\"font-weight: 400;\">Se retrouvant face \u00e0 ce potentiel march\u00e9, il finit par en prendre conscience. Le d\u00e9sir d&#8217;entreprendre grandissant en lui. Il finit par quitter le salariat pour aider \u00e0 am\u00e9liorer l&#8217;hygi\u00e8ne de vie de milliers de personnes et de chauffeurs.<\/span><\/p>\n<p><span style=\"font-weight: 400;\">Voici pr\u00e9cis\u00e9ment pourquoi M. DIEZ Mickael \u00e0 \u00e9t\u00e9 pouss\u00e9 \u00e0 cr\u00e9er son entreprise de nettoyage !<\/span><\/p>\n<p><span style=\"font-weight: 400;\">Alors contactez-nous ! Nous serons heureux de contribuer \u00e0 VOTRE BONHEUR !! <\/span><\/p>\t\t\t\t\t\t\t\t<\/div>\n\t\t\t\t<\/div>\n\t\t\t\t<div class=\"elementor-element elementor-element-5bde693 elementor-align-center elementor-widget elementor-widget-button\" data-id=\"5bde693\" data-element_type=\"widget\" data-e-type=\"widget\" data-widget_type=\"button.default\">\n\t\t\t\t<div class=\"elementor-widget-container\">\n\t\t\t\t\t\t\t\t\t<div class=\"elementor-button-wrapper\">\n\t\t\t\t\t<a class=\"elementor-button elementor-button-link elementor-size-sm\" href=\"https:\/\/runwash.fr\/index.php\/contact\/\">\n\t\t\t\t\t\t<span class=\"elementor-button-content-wrapper\">\n\t\t\t\t\t\t\t\t\t<span class=\"elementor-button-text\">CONTACTEZ NOUS !<\/span>\n\t\t\t\t\t<\/span>\n\t\t\t\t\t<\/a>\n\t\t\t\t<\/div>\n\t\t\t\t\t\t\t\t<\/div>\n\t\t\t\t<\/div>\n\t\t\t\t<\/div>\n\t\t\t\t<\/div>\n\t\t","protected":false},"excerpt":{"rendered":"<p>&nbsp;RunWash est une entreprise de nettoyage fond\u00e9e en 2024 par M. DIEZ Mickael exer\u00e7ant dans le Nord de la France. Suite \u00e0 ses nombreux d\u00e9m\u00e9nagements il a constat\u00e9 l&#8217;importance d&#8217;entretenir son mobilier textile afin de ne pas devoir le renouveler tous les ans \u2026 Un Canap\u00e9, un Fauteuil, un Matelas, cela ferait une sacr\u00e9e d\u00e9pense [&hellip;]<\/p>\n","protected":false},"author":1,"featured_media":0,"parent":0,"menu_order":0,"comment_status":"closed","ping_status":"closed","template":"","meta":{"footnotes":""},"class_list":["post-14","page","type-page","status-publish","hentry","entry"],"yoast_head":"<!-- This site is optimized with the Yoast SEO plugin v27.3 - https:\/\/yoast.com\/product\/yoast-seo-wordpress\/ -->\n<title>A propos - RunWash<\/title>\n<meta name=\"robots\" content=\"index, follow, max-snippet:-1, max-image-preview:large, max-video-preview:-1\" \/>\n<link rel=\"canonical\" href=\"https:\/\/runwash.fr\/index.php\/a-propos\/\" \/>\n<meta property=\"og:locale\" content=\"en_US\" \/>\n<meta property=\"og:type\" content=\"article\" \/>\n<meta property=\"og:title\" content=\"A propos - RunWash\" \/>\n<meta property=\"og:description\" content=\"&nbsp;RunWash est une entreprise de nettoyage fond\u00e9e en 2024 par M. DIEZ Mickael exer\u00e7ant dans le Nord de la France. Suite \u00e0 ses nombreux d\u00e9m\u00e9nagements il a constat\u00e9 l&#8217;importance d&#8217;entretenir son mobilier textile afin de ne pas devoir le renouveler tous les ans \u2026 Un Canap\u00e9, un Fauteuil, un Matelas, cela ferait une sacr\u00e9e d\u00e9pense [&hellip;]\" \/>\n<meta property=\"og:url\" content=\"https:\/\/runwash.fr\/index.php\/a-propos\/\" \/>\n<meta property=\"og:site_name\" content=\"RunWash\" \/>\n<meta property=\"article:modified_time\" content=\"2024-11-02T08:17:03+00:00\" \/>\n<meta name=\"twitter:card\" content=\"summary_large_image\" \/>\n<meta name=\"twitter:label1\" content=\"Est. reading time\" \/>\n\t<meta name=\"twitter:data1\" content=\"2 minutes\" \/>\n<script type=\"application\/ld+json\" class=\"yoast-schema-graph\">{\"@context\":\"https:\\\/\\\/schema.org\",\"@graph\":[{\"@type\":\"WebPage\",\"@id\":\"https:\\\/\\\/runwash.fr\\\/index.php\\\/a-propos\\\/\",\"url\":\"https:\\\/\\\/runwash.fr\\\/index.php\\\/a-propos\\\/\",\"name\":\"A propos - RunWash\",\"isPartOf\":{\"@id\":\"https:\\\/\\\/runwash.fr\\\/#website\"},\"datePublished\":\"2024-11-01T00:17:37+00:00\",\"dateModified\":\"2024-11-02T08:17:03+00:00\",\"breadcrumb\":{\"@id\":\"https:\\\/\\\/runwash.fr\\\/index.php\\\/a-propos\\\/#breadcrumb\"},\"inLanguage\":\"en-US\",\"potentialAction\":[{\"@type\":\"ReadAction\",\"target\":[\"https:\\\/\\\/runwash.fr\\\/index.php\\\/a-propos\\\/\"]}]},{\"@type\":\"BreadcrumbList\",\"@id\":\"https:\\\/\\\/runwash.fr\\\/index.php\\\/a-propos\\\/#breadcrumb\",\"itemListElement\":[{\"@type\":\"ListItem\",\"position\":1,\"name\":\"Accueil\",\"item\":\"https:\\\/\\\/runwash.fr\\\/\"},{\"@type\":\"ListItem\",\"position\":2,\"name\":\"A propos\"}]},{\"@type\":\"WebSite\",\"@id\":\"https:\\\/\\\/runwash.fr\\\/#website\",\"url\":\"https:\\\/\\\/runwash.fr\\\/\",\"name\":\"RunWash\",\"description\":\"Le bien-\u00eatre de votre famille, notre priorit\u00e9\",\"publisher\":{\"@id\":\"https:\\\/\\\/runwash.fr\\\/#organization\"},\"potentialAction\":[{\"@type\":\"SearchAction\",\"target\":{\"@type\":\"EntryPoint\",\"urlTemplate\":\"https:\\\/\\\/runwash.fr\\\/?s={search_term_string}\"},\"query-input\":{\"@type\":\"PropertyValueSpecification\",\"valueRequired\":true,\"valueName\":\"search_term_string\"}}],\"inLanguage\":\"en-US\"},{\"@type\":\"Organization\",\"@id\":\"https:\\\/\\\/runwash.fr\\\/#organization\",\"name\":\"RunWash\",\"url\":\"https:\\\/\\\/runwash.fr\\\/\",\"logo\":{\"@type\":\"ImageObject\",\"inLanguage\":\"en-US\",\"@id\":\"https:\\\/\\\/runwash.fr\\\/#\\\/schema\\\/logo\\\/image\\\/\",\"url\":\"https:\\\/\\\/runwash.fr\\\/wp-content\\\/uploads\\\/2024\\\/11\\\/cropped-Logo_RW_V5-removebg-preview-2-1.png\",\"contentUrl\":\"https:\\\/\\\/runwash.fr\\\/wp-content\\\/uploads\\\/2024\\\/11\\\/cropped-Logo_RW_V5-removebg-preview-2-1.png\",\"width\":457,\"height\":216,\"caption\":\"RunWash\"},\"image\":{\"@id\":\"https:\\\/\\\/runwash.fr\\\/#\\\/schema\\\/logo\\\/image\\\/\"}}]}<\/script>\n<!-- \/ Yoast SEO plugin. -->","yoast_head_json":{"title":"A propos - RunWash","robots":{"index":"index","follow":"follow","max-snippet":"max-snippet:-1","max-image-preview":"max-image-preview:large","max-video-preview":"max-video-preview:-1"},"canonical":"https:\/\/runwash.fr\/index.php\/a-propos\/","og_locale":"en_US","og_type":"article","og_title":"A propos - RunWash","og_description":"&nbsp;RunWash est une entreprise de nettoyage fond\u00e9e en 2024 par M. DIEZ Mickael exer\u00e7ant dans le Nord de la France. Suite \u00e0 ses nombreux d\u00e9m\u00e9nagements il a constat\u00e9 l&#8217;importance d&#8217;entretenir son mobilier textile afin de ne pas devoir le renouveler tous les ans \u2026 Un Canap\u00e9, un Fauteuil, un Matelas, cela ferait une sacr\u00e9e d\u00e9pense [&hellip;]","og_url":"https:\/\/runwash.fr\/index.php\/a-propos\/","og_site_name":"RunWash","article_modified_time":"2024-11-02T08:17:03+00:00","twitter_card":"summary_large_image","twitter_misc":{"Est. reading time":"2 minutes"},"schema":{"@context":"https:\/\/schema.org","@graph":[{"@type":"WebPage","@id":"https:\/\/runwash.fr\/index.php\/a-propos\/","url":"https:\/\/runwash.fr\/index.php\/a-propos\/","name":"A propos - RunWash","isPartOf":{"@id":"https:\/\/runwash.fr\/#website"},"datePublished":"2024-11-01T00:17:37+00:00","dateModified":"2024-11-02T08:17:03+00:00","breadcrumb":{"@id":"https:\/\/runwash.fr\/index.php\/a-propos\/#breadcrumb"},"inLanguage":"en-US","potentialAction":[{"@type":"ReadAction","target":["https:\/\/runwash.fr\/index.php\/a-propos\/"]}]},{"@type":"BreadcrumbList","@id":"https:\/\/runwash.fr\/index.php\/a-propos\/#breadcrumb","itemListElement":[{"@type":"ListItem","position":1,"name":"Accueil","item":"https:\/\/runwash.fr\/"},{"@type":"ListItem","position":2,"name":"A propos"}]},{"@type":"WebSite","@id":"https:\/\/runwash.fr\/#website","url":"https:\/\/runwash.fr\/","name":"RunWash","description":"Le bien-\u00eatre de votre famille, notre priorit\u00e9","publisher":{"@id":"https:\/\/runwash.fr\/#organization"},"potentialAction":[{"@type":"SearchAction","target":{"@type":"EntryPoint","urlTemplate":"https:\/\/runwash.fr\/?s={search_term_string}"},"query-input":{"@type":"PropertyValueSpecification","valueRequired":true,"valueName":"search_term_string"}}],"inLanguage":"en-US"},{"@type":"Organization","@id":"https:\/\/runwash.fr\/#organization","name":"RunWash","url":"https:\/\/runwash.fr\/","logo":{"@type":"ImageObject","inLanguage":"en-US","@id":"https:\/\/runwash.fr\/#\/schema\/logo\/image\/","url":"https:\/\/runwash.fr\/wp-content\/uploads\/2024\/11\/cropped-Logo_RW_V5-removebg-preview-2-1.png","contentUrl":"https:\/\/runwash.fr\/wp-content\/uploads\/2024\/11\/cropped-Logo_RW_V5-removebg-preview-2-1.png","width":457,"height":216,"caption":"RunWash"},"image":{"@id":"https:\/\/runwash.fr\/#\/schema\/logo\/image\/"}}]}},"_links":{"self":[{"href":"https:\/\/runwash.fr\/index.php\/wp-json\/wp\/v2\/pages\/14","targetHints":{"allow":["GET"]}}],"collection":[{"href":"https:\/\/runwash.fr\/index.php\/wp-json\/wp\/v2\/pages"}],"about":[{"href":"https:\/\/runwash.fr\/index.php\/wp-json\/wp\/v2\/types\/page"}],"author":[{"embeddable":true,"href":"https:\/\/runwash.fr\/index.php\/wp-json\/wp\/v2\/users\/1"}],"replies":[{"embeddable":true,"href":"https:\/\/runwash.fr\/index.php\/wp-json\/wp\/v2\/comments?post=14"}],"version-history":[{"count":19,"href":"https:\/\/runwash.fr\/index.php\/wp-json\/wp\/v2\/pages\/14\/revisions"}],"predecessor-version":[{"id":162,"href":"https:\/\/runwash.fr\/index.php\/wp-json\/wp\/v2\/pages\/14\/revisions\/162"}],"wp:attachment":[{"href":"https:\/\/runwash.fr\/index.php\/wp-json\/wp\/v2\/media?parent=14"}],"curies":[{"name":"wp","href":"https:\/\/api.w.org\/{rel}","templated":true}]}}