{"id":2138,"date":"2024-12-15T21:53:40","date_gmt":"2024-12-15T20:53:40","guid":{"rendered":"https:\/\/runwash.fr\/?page_id=2138"},"modified":"2025-02-08T23:47:55","modified_gmt":"2025-02-08T22:47:55","slug":"devis-chaises-premium","status":"publish","type":"page","link":"https:\/\/runwash.fr\/index.php\/devis-chaises-premium\/","title":{"rendered":"Devis Chaises Premium"},"content":{"rendered":"\t\t<div data-elementor-type=\"wp-page\" data-elementor-id=\"2138\" class=\"elementor elementor-2138\">\n\t\t\t\t<div class=\"elementor-element elementor-element-ad3f435 e-flex e-con-boxed e-con e-parent\" data-id=\"ad3f435\" data-element_type=\"container\" data-e-type=\"container\" data-settings=\"{&quot;background_background&quot;:&quot;classic&quot;,&quot;shape_divider_top&quot;:&quot;triangle&quot;,&quot;shape_divider_bottom&quot;:&quot;triangle&quot;,&quot;shape_divider_bottom_negative&quot;:&quot;yes&quot;}\">\n\t\t\t\t\t<div class=\"e-con-inner\">\n\t\t\t\t<div class=\"elementor-shape elementor-shape-top\" aria-hidden=\"true\" data-negative=\"false\">\n\t\t\t<svg xmlns=\"http:\/\/www.w3.org\/2000\/svg\" viewBox=\"0 0 1000 100\" preserveAspectRatio=\"none\">\n\t<path class=\"elementor-shape-fill\" d=\"M500,98.9L0,6.1V0h1000v6.1L500,98.9z\"\/>\n<\/svg>\t\t<\/div>\n\t\t\t\t<div class=\"elementor-shape elementor-shape-bottom\" aria-hidden=\"true\" data-negative=\"true\">\n\t\t\t<svg xmlns=\"http:\/\/www.w3.org\/2000\/svg\" viewBox=\"0 0 1000 100\" preserveAspectRatio=\"none\">\n\t<path class=\"elementor-shape-fill\" d=\"M500.2,94.7L0,0v100h1000V0L500.2,94.7z\"\/>\n<\/svg>\t\t<\/div>\n\t\t\t\t<div class=\"elementor-element elementor-element-33be269 elementor-widget elementor-widget-heading\" data-id=\"33be269\" data-element_type=\"widget\" data-e-type=\"widget\" data-widget_type=\"heading.default\">\n\t\t\t\t<div class=\"elementor-widget-container\">\n\t\t\t\t\t<h2 class=\"elementor-heading-title elementor-size-default\">COMPLETEZ LES INFORMATIONS MANQUANTES AFIN D'OBTENIR VOTRE DEVIS GRATUITEMENT<\/h2>\t\t\t\t<\/div>\n\t\t\t\t<\/div>\n\t\t\t\t\t<\/div>\n\t\t\t\t<\/div>\n\t\t<div class=\"elementor-element elementor-element-25f0e4a e-flex e-con-boxed e-con e-parent\" data-id=\"25f0e4a\" data-element_type=\"container\" data-e-type=\"container\" data-settings=\"{&quot;background_background&quot;:&quot;classic&quot;}\">\n\t\t\t\t\t<div class=\"e-con-inner\">\n\t\t<div class=\"elementor-element elementor-element-7868040 e-con-full e-flex e-con e-child\" data-id=\"7868040\" data-element_type=\"container\" data-e-type=\"container\">\n\t\t\t\t<div class=\"elementor-element elementor-element-11263401 elementor-widget elementor-widget-formidable\" data-id=\"11263401\" data-element_type=\"widget\" data-e-type=\"widget\" data-widget_type=\"formidable.default\">\n\t\t\t\t<div class=\"elementor-widget-container\">\n\t\t\t\t\t<div class=\"frm_forms  with_frm_style frm_style_style-formidable\" id=\"frm_form_39_container\" data-token=\"4bb7072dc6dff8e3bfc4a2ee603e0f52\">\n<form enctype=\"multipart\/form-data\" method=\"post\" class=\"frm-show-form \" id=\"form_chaises-formule-premium\" data-token=\"4bb7072dc6dff8e3bfc4a2ee603e0f52\">\n<div class=\"frm_form_fields \">\n<fieldset>\n<legend class=\"frm_screen_reader\">Chaises Formule Premium<\/legend>\n<h3 class=\"frm_form_title\">Chaises Formule Premium<\/h3>\n<div class=\"frm_fields_container\">\n<input type=\"hidden\" name=\"frm_action\" value=\"create\" \/>\n<input type=\"hidden\" name=\"form_id\" value=\"39\" \/>\n<input type=\"hidden\" name=\"frm_hide_fields_39\" id=\"frm_hide_fields_39\" value=\"\" \/>\n<input type=\"hidden\" name=\"form_key\" value=\"chaises-formule-premium\" \/>\n<input type=\"hidden\" name=\"item_meta[0]\" value=\"\" \/>\n<input type=\"hidden\" id=\"frm_submit_entry_39\" name=\"frm_submit_entry_39\" value=\"ca0c1c70d5\" \/><input type=\"hidden\" name=\"_wp_http_referer\" value=\"\/index.php\/wp-json\/wp\/v2\/pages\/2138\" \/><div id=\"frm_field_383_container\" class=\"frm_form_field form-field  frm_required_field frm_top_container frm_first frm_third\">\n\t<label for=\"field_1pxkm\" id=\"field_1pxkm_label\" class=\"frm_primary_label\">Nom :\n\t\t<span class=\"frm_required\" aria-hidden=\"true\">*<\/span>\n\t<\/label>\n\t<input type=\"text\" id=\"field_1pxkm\" name=\"item_meta[383]\" value=\"\"  placeholder=\"Nom\" data-reqmsg=\"Nom : ne peut pas \u00eatre vide.\" aria-required=\"true\" data-invmsg=\"Nom : est non valide\" aria-invalid=\"false\"  \/>\n\t\n\t\n<\/div>\n<div id=\"frm_field_384_container\" class=\"frm_form_field form-field  frm_required_field frm_top_container frm_third\">\n\t<label for=\"field_c3sc4\" id=\"field_c3sc4_label\" class=\"frm_primary_label\">Pr\u00e9nom :\n\t\t<span class=\"frm_required\" aria-hidden=\"true\">*<\/span>\n\t<\/label>\n\t<input type=\"text\" id=\"field_c3sc4\" name=\"item_meta[384]\" value=\"\"  placeholder=\"Pr\u00e9nom\" data-reqmsg=\"Pr\u00e9nom : ne peut pas \u00eatre vide.\" aria-required=\"true\" data-invmsg=\"Pr\u00e9nom : est non valide\" aria-invalid=\"false\"  \/>\n\t\n\t\n<\/div>\n<div id=\"frm_field_385_container\" class=\"frm_form_field form-field  frm_required_field frm_top_container frm_first frm_third\">\n\t<label for=\"field_en8iq\" id=\"field_en8iq_label\" class=\"frm_primary_label\">T\u00e9l\u00e9phone :\n\t\t<span class=\"frm_required\" aria-hidden=\"true\">*<\/span>\n\t<\/label>\n\t<input type=\"tel\" id=\"field_en8iq\" name=\"item_meta[385]\" value=\"\"  placeholder=\"0612345678\" data-reqmsg=\"T\u00e9l\u00e9phone : ne peut pas \u00eatre vide.\" aria-required=\"true\" data-invmsg=\"T\u00e9l\u00e9phone : est non valide\" aria-invalid=\"false\" pattern=\"((\\+\\d{1,3}(-|.| )?\\(?\\d\\)?(-| |.)?\\d{1,5})|(\\(?\\d{2,6}\\)?))(-|.| )?(\\d{3,4})(-|.| )?(\\d{4})(( x| ext)\\d{1,5}){0,1}$\"  \/>\n\t\n\t\n<\/div>\n<div id=\"frm_field_386_container\" class=\"frm_form_field form-field  frm_required_field frm_top_container frm_third\">\n\t<label for=\"field_hm3ky\" id=\"field_hm3ky_label\" class=\"frm_primary_label\">Email :\n\t\t<span class=\"frm_required\" aria-hidden=\"true\">*<\/span>\n\t<\/label>\n\t<input type=\"email\" id=\"field_hm3ky\" name=\"item_meta[386]\" value=\"\"  placeholder=\"adressemail@gmail.com\" data-reqmsg=\"Email : ne peut pas \u00eatre vide.\" aria-required=\"true\" data-invmsg=\"Email : est non valide\" aria-invalid=\"false\"  \/>\n\t\n\t\n<\/div>\n<div id=\"frm_field_387_container\" class=\"frm_form_field form-field  frm_required_field frm_top_container frm_two_thirds\">\n\t<label for=\"field_tk5rm\" id=\"field_tk5rm_label\" class=\"frm_primary_label\">Adresse :\n\t\t<span class=\"frm_required\" aria-hidden=\"true\">*<\/span>\n\t<\/label>\n\t<input type=\"text\" id=\"field_tk5rm\" name=\"item_meta[387]\" value=\"\"  placeholder=\"Rue de B\u00e9thune, 59000 LILLE\" data-reqmsg=\"Adresse : ne peut pas \u00eatre vide.\" aria-required=\"true\" data-invmsg=\"Adresse : est non valide\" aria-invalid=\"false\"  \/>\n\t\n\t\n<\/div>\n<div id=\"frm_field_388_container\" class=\"frm_form_field form-field  frm_required_field frm_top_container frm_two_thirds\">\n\t<label for=\"field_6qb4i\" id=\"field_6qb4i_label\" class=\"frm_primary_label\">Votre v\u00e9hicule poss\u00e8de des t\u00e2ches ? :\n\t\t<span class=\"frm_required\" aria-hidden=\"true\">*<\/span>\n\t<\/label>\n\t<input type=\"text\" id=\"field_6qb4i\" name=\"item_meta[388]\" value=\"\"  placeholder=\"De sang ? D&#039;urine ? De moisissure ?\" data-reqmsg=\"Votre v\u00e9hicule poss\u00e8de des t\u00e2ches ? : ne peut pas \u00eatre vide.\" aria-required=\"true\" data-invmsg=\"Votre v\u00e9hicule poss\u00e8de des t\u00e2ches ? : est non valide\" aria-invalid=\"false\"  \/>\n\t\n\t\n<\/div>\n<div id=\"frm_field_389_container\" class=\"frm_form_field form-field  frm_required_field frm_top_container frm_first frm_third\">\n\t<label for=\"field_p3v42\" id=\"field_p3v42_label\" class=\"frm_primary_label\">Service choisis :\n\t\t<span class=\"frm_required\" aria-hidden=\"true\">*<\/span>\n\t<\/label>\n\t<input type=\"text\" id=\"field_p3v42\" name=\"item_meta[389]\" value=\"Chaises\"  data-frmval=\"Chaises\" data-reqmsg=\"Service choisis : ne peut pas \u00eatre vide.\" aria-required=\"true\" data-invmsg=\"Service choisis : est non valide\" aria-invalid=\"false\"  \/>\n\t\n\t\n<\/div>\n<div id=\"frm_field_390_container\" class=\"frm_form_field form-field  frm_required_field frm_top_container frm_third\">\n\t<label for=\"field_lceof\" id=\"field_lceof_label\" class=\"frm_primary_label\">Formule choisis :\n\t\t<span class=\"frm_required\" aria-hidden=\"true\">*<\/span>\n\t<\/label>\n\t<input type=\"text\" id=\"field_lceof\" name=\"item_meta[390]\" value=\"Formule Premium\"  data-frmval=\"Formule Premium\" data-reqmsg=\"Formule choisis : ne peut pas \u00eatre vide.\" aria-required=\"true\" data-invmsg=\"Formule choisis : est non valide\" aria-invalid=\"false\"  \/>\n\t\n\t\n<\/div>\n<div id=\"frm_field_382_container\" class=\"frm_form_field form-field  frm_first frm_fourth\">\n\t<div class=\"frm_submit frm_flex\">\n<button class=\"frm_button_submit\" type=\"submit\"  >Obtenir Mon Devis<\/button>\n\n\n\n<\/div>\n<\/div>\n\t<input type=\"hidden\" name=\"item_key\" value=\"\" \/>\n\t\t\t<div id=\"frm_field_412_container\">\n\t\t\t<label for=\"field_1pegj\" >\n\t\t\t\tIf you are human, leave this field blank.\t\t\t<\/label>\n\t\t\t<input  id=\"field_1pegj\" type=\"text\" class=\"frm_form_field form-field frm_verify\" name=\"item_meta[412]\" value=\"\"  \/>\n\t\t<\/div>\n\t\t<input name=\"frm_state\" type=\"hidden\" value=\"AiAAF4Se9kF85XJ1FKJkrWH8r+oNtXYcthedwHKdKck=\" \/><\/div>\n<\/fieldset>\n<\/div>\n\n<\/form>\n<\/div>\n\t\t\t\t<\/div>\n\t\t\t\t<\/div>\n\t\t\t\t<\/div>\n\t\t\t\t\t<\/div>\n\t\t\t\t<\/div>\n\t\t<div class=\"elementor-element elementor-element-423ab12 e-flex e-con-boxed e-con e-parent\" data-id=\"423ab12\" data-element_type=\"container\" data-e-type=\"container\">\n\t\t\t\t\t<div class=\"e-con-inner\">\n\t\t\t\t<div class=\"elementor-element elementor-element-756fcca elementor-align-justify elementor-widget elementor-widget-button\" data-id=\"756fcca\" data-element_type=\"widget\" data-e-type=\"widget\" data-widget_type=\"button.default\">\n\t\t\t\t<div class=\"elementor-widget-container\">\n\t\t\t\t\t\t\t\t\t<div class=\"elementor-button-wrapper\">\n\t\t\t\t\t<a class=\"elementor-button elementor-button-link elementor-size-sm\" href=\"#\">\n\t\t\t\t\t\t<span class=\"elementor-button-content-wrapper\">\n\t\t\t\t\t\t\t\t\t<span class=\"elementor-button-text\">MERCI POUR VOTRE CONFIANCE !<\/span>\n\t\t\t\t\t<\/span>\n\t\t\t\t\t<\/a>\n\t\t\t\t<\/div>\n\t\t\t\t\t\t\t\t<\/div>\n\t\t\t\t<\/div>\n\t\t\t\t\t<\/div>\n\t\t\t\t<\/div>\n\t\t\t\t<\/div>\n\t\t","protected":false},"excerpt":{"rendered":"<p>COMPLETEZ LES INFORMATIONS MANQUANTES AFIN D&#8217;OBTENIR VOTRE DEVIS GRATUITEMENT Chaises Formule Premium Chaises Formule Premium Nom : * Pr\u00e9nom : * T\u00e9l\u00e9phone : * Email : * Adresse : * Votre v\u00e9hicule poss\u00e8de des t\u00e2ches ? : * Service choisis : * Formule choisis : * Obtenir Mon Devis Si vous \u00eates un humain, ne [&hellip;]<\/p>\n","protected":false},"author":1,"featured_media":0,"parent":0,"menu_order":0,"comment_status":"closed","ping_status":"closed","template":"","meta":{"footnotes":""},"class_list":["post-2138","page","type-page","status-publish","hentry","entry"],"yoast_head":"<!-- This site is optimized with the Yoast SEO plugin v27.3 - https:\/\/yoast.com\/product\/yoast-seo-wordpress\/ -->\n<title>Devis Chaises Premium - RunWash<\/title>\n<meta name=\"robots\" content=\"index, follow, max-snippet:-1, max-image-preview:large, max-video-preview:-1\" \/>\n<link rel=\"canonical\" href=\"https:\/\/runwash.fr\/index.php\/devis-chaises-premium\/\" \/>\n<meta property=\"og:locale\" content=\"en_US\" \/>\n<meta property=\"og:type\" content=\"article\" \/>\n<meta property=\"og:title\" content=\"Devis Chaises Premium - RunWash\" \/>\n<meta property=\"og:description\" content=\"COMPLETEZ LES INFORMATIONS MANQUANTES AFIN D&#8217;OBTENIR VOTRE DEVIS GRATUITEMENT Chaises Formule Premium Chaises Formule Premium Nom : * Pr\u00e9nom : * T\u00e9l\u00e9phone : * Email : * Adresse : * Votre v\u00e9hicule poss\u00e8de des t\u00e2ches ? : * Service choisis : * Formule choisis : * Obtenir Mon Devis Si vous \u00eates un humain, ne [&hellip;]\" \/>\n<meta property=\"og:url\" content=\"https:\/\/runwash.fr\/index.php\/devis-chaises-premium\/\" \/>\n<meta property=\"og:site_name\" content=\"RunWash\" \/>\n<meta property=\"article:modified_time\" content=\"2025-02-08T22:47:55+00:00\" \/>\n<meta name=\"twitter:card\" content=\"summary_large_image\" \/>\n<meta name=\"twitter:label1\" content=\"Est. reading time\" \/>\n\t<meta name=\"twitter:data1\" content=\"1 minute\" \/>\n<script type=\"application\/ld+json\" class=\"yoast-schema-graph\">{\"@context\":\"https:\\\/\\\/schema.org\",\"@graph\":[{\"@type\":\"WebPage\",\"@id\":\"https:\\\/\\\/runwash.fr\\\/index.php\\\/devis-chaises-premium\\\/\",\"url\":\"https:\\\/\\\/runwash.fr\\\/index.php\\\/devis-chaises-premium\\\/\",\"name\":\"Devis Chaises Premium - RunWash\",\"isPartOf\":{\"@id\":\"https:\\\/\\\/runwash.fr\\\/#website\"},\"datePublished\":\"2024-12-15T20:53:40+00:00\",\"dateModified\":\"2025-02-08T22:47:55+00:00\",\"breadcrumb\":{\"@id\":\"https:\\\/\\\/runwash.fr\\\/index.php\\\/devis-chaises-premium\\\/#breadcrumb\"},\"inLanguage\":\"en-US\",\"potentialAction\":[{\"@type\":\"ReadAction\",\"target\":[\"https:\\\/\\\/runwash.fr\\\/index.php\\\/devis-chaises-premium\\\/\"]}]},{\"@type\":\"BreadcrumbList\",\"@id\":\"https:\\\/\\\/runwash.fr\\\/index.php\\\/devis-chaises-premium\\\/#breadcrumb\",\"itemListElement\":[{\"@type\":\"ListItem\",\"position\":1,\"name\":\"Accueil\",\"item\":\"https:\\\/\\\/runwash.fr\\\/\"},{\"@type\":\"ListItem\",\"position\":2,\"name\":\"Devis Chaises Premium\"}]},{\"@type\":\"WebSite\",\"@id\":\"https:\\\/\\\/runwash.fr\\\/#website\",\"url\":\"https:\\\/\\\/runwash.fr\\\/\",\"name\":\"RunWash\",\"description\":\"Le bien-\u00eatre de votre famille, notre priorit\u00e9\",\"publisher\":{\"@id\":\"https:\\\/\\\/runwash.fr\\\/#organization\"},\"potentialAction\":[{\"@type\":\"SearchAction\",\"target\":{\"@type\":\"EntryPoint\",\"urlTemplate\":\"https:\\\/\\\/runwash.fr\\\/?s={search_term_string}\"},\"query-input\":{\"@type\":\"PropertyValueSpecification\",\"valueRequired\":true,\"valueName\":\"search_term_string\"}}],\"inLanguage\":\"en-US\"},{\"@type\":\"Organization\",\"@id\":\"https:\\\/\\\/runwash.fr\\\/#organization\",\"name\":\"RunWash\",\"url\":\"https:\\\/\\\/runwash.fr\\\/\",\"logo\":{\"@type\":\"ImageObject\",\"inLanguage\":\"en-US\",\"@id\":\"https:\\\/\\\/runwash.fr\\\/#\\\/schema\\\/logo\\\/image\\\/\",\"url\":\"https:\\\/\\\/runwash.fr\\\/wp-content\\\/uploads\\\/2024\\\/11\\\/cropped-Logo_RW_V5-removebg-preview-2-1.png\",\"contentUrl\":\"https:\\\/\\\/runwash.fr\\\/wp-content\\\/uploads\\\/2024\\\/11\\\/cropped-Logo_RW_V5-removebg-preview-2-1.png\",\"width\":457,\"height\":216,\"caption\":\"RunWash\"},\"image\":{\"@id\":\"https:\\\/\\\/runwash.fr\\\/#\\\/schema\\\/logo\\\/image\\\/\"}}]}<\/script>\n<!-- \/ Yoast SEO plugin. -->","yoast_head_json":{"title":"Devis Chaises Premium - RunWash","robots":{"index":"index","follow":"follow","max-snippet":"max-snippet:-1","max-image-preview":"max-image-preview:large","max-video-preview":"max-video-preview:-1"},"canonical":"https:\/\/runwash.fr\/index.php\/devis-chaises-premium\/","og_locale":"en_US","og_type":"article","og_title":"Devis Chaises Premium - RunWash","og_description":"COMPLETEZ LES INFORMATIONS MANQUANTES AFIN D&#8217;OBTENIR VOTRE DEVIS GRATUITEMENT Chaises Formule Premium Chaises Formule Premium Nom : * Pr\u00e9nom : * T\u00e9l\u00e9phone : * Email : * Adresse : * Votre v\u00e9hicule poss\u00e8de des t\u00e2ches ? : * Service choisis : * Formule choisis : * Obtenir Mon Devis Si vous \u00eates un humain, ne [&hellip;]","og_url":"https:\/\/runwash.fr\/index.php\/devis-chaises-premium\/","og_site_name":"RunWash","article_modified_time":"2025-02-08T22:47:55+00:00","twitter_card":"summary_large_image","twitter_misc":{"Est. reading time":"1 minute"},"schema":{"@context":"https:\/\/schema.org","@graph":[{"@type":"WebPage","@id":"https:\/\/runwash.fr\/index.php\/devis-chaises-premium\/","url":"https:\/\/runwash.fr\/index.php\/devis-chaises-premium\/","name":"Devis Chaises Premium - RunWash","isPartOf":{"@id":"https:\/\/runwash.fr\/#website"},"datePublished":"2024-12-15T20:53:40+00:00","dateModified":"2025-02-08T22:47:55+00:00","breadcrumb":{"@id":"https:\/\/runwash.fr\/index.php\/devis-chaises-premium\/#breadcrumb"},"inLanguage":"en-US","potentialAction":[{"@type":"ReadAction","target":["https:\/\/runwash.fr\/index.php\/devis-chaises-premium\/"]}]},{"@type":"BreadcrumbList","@id":"https:\/\/runwash.fr\/index.php\/devis-chaises-premium\/#breadcrumb","itemListElement":[{"@type":"ListItem","position":1,"name":"Accueil","item":"https:\/\/runwash.fr\/"},{"@type":"ListItem","position":2,"name":"Devis Chaises Premium"}]},{"@type":"WebSite","@id":"https:\/\/runwash.fr\/#website","url":"https:\/\/runwash.fr\/","name":"RunWash","description":"Le bien-\u00eatre de votre famille, notre priorit\u00e9","publisher":{"@id":"https:\/\/runwash.fr\/#organization"},"potentialAction":[{"@type":"SearchAction","target":{"@type":"EntryPoint","urlTemplate":"https:\/\/runwash.fr\/?s={search_term_string}"},"query-input":{"@type":"PropertyValueSpecification","valueRequired":true,"valueName":"search_term_string"}}],"inLanguage":"en-US"},{"@type":"Organization","@id":"https:\/\/runwash.fr\/#organization","name":"RunWash","url":"https:\/\/runwash.fr\/","logo":{"@type":"ImageObject","inLanguage":"en-US","@id":"https:\/\/runwash.fr\/#\/schema\/logo\/image\/","url":"https:\/\/runwash.fr\/wp-content\/uploads\/2024\/11\/cropped-Logo_RW_V5-removebg-preview-2-1.png","contentUrl":"https:\/\/runwash.fr\/wp-content\/uploads\/2024\/11\/cropped-Logo_RW_V5-removebg-preview-2-1.png","width":457,"height":216,"caption":"RunWash"},"image":{"@id":"https:\/\/runwash.fr\/#\/schema\/logo\/image\/"}}]}},"_links":{"self":[{"href":"https:\/\/runwash.fr\/index.php\/wp-json\/wp\/v2\/pages\/2138","targetHints":{"allow":["GET"]}}],"collection":[{"href":"https:\/\/runwash.fr\/index.php\/wp-json\/wp\/v2\/pages"}],"about":[{"href":"https:\/\/runwash.fr\/index.php\/wp-json\/wp\/v2\/types\/page"}],"author":[{"embeddable":true,"href":"https:\/\/runwash.fr\/index.php\/wp-json\/wp\/v2\/users\/1"}],"replies":[{"embeddable":true,"href":"https:\/\/runwash.fr\/index.php\/wp-json\/wp\/v2\/comments?post=2138"}],"version-history":[{"count":16,"href":"https:\/\/runwash.fr\/index.php\/wp-json\/wp\/v2\/pages\/2138\/revisions"}],"predecessor-version":[{"id":5247,"href":"https:\/\/runwash.fr\/index.php\/wp-json\/wp\/v2\/pages\/2138\/revisions\/5247"}],"wp:attachment":[{"href":"https:\/\/runwash.fr\/index.php\/wp-json\/wp\/v2\/media?parent=2138"}],"curies":[{"name":"wp","href":"https:\/\/api.w.org\/{rel}","templated":true}]}}