{"id":726,"date":"2024-11-08T05:47:06","date_gmt":"2024-11-08T04:47:06","guid":{"rendered":"https:\/\/runwash.fr\/?page_id=726"},"modified":"2025-02-08T23:56:36","modified_gmt":"2025-02-08T22:56:36","slug":"devis-suv-premium","status":"publish","type":"page","link":"https:\/\/runwash.fr\/index.php\/devis-suv-premium\/","title":{"rendered":"Devis SUV Premium"},"content":{"rendered":"\t\t<div data-elementor-type=\"wp-page\" data-elementor-id=\"726\" class=\"elementor elementor-726\">\n\t\t\t\t<div class=\"elementor-element elementor-element-4aab7f1 e-flex e-con-boxed e-con e-parent\" data-id=\"4aab7f1\" data-element_type=\"container\" data-e-type=\"container\" data-settings=\"{&quot;background_background&quot;:&quot;classic&quot;,&quot;shape_divider_top&quot;:&quot;triangle&quot;,&quot;shape_divider_bottom&quot;:&quot;triangle&quot;,&quot;shape_divider_bottom_negative&quot;:&quot;yes&quot;}\">\n\t\t\t\t\t<div class=\"e-con-inner\">\n\t\t\t\t<div class=\"elementor-shape elementor-shape-top\" aria-hidden=\"true\" data-negative=\"false\">\n\t\t\t<svg xmlns=\"http:\/\/www.w3.org\/2000\/svg\" viewBox=\"0 0 1000 100\" preserveAspectRatio=\"none\">\n\t<path class=\"elementor-shape-fill\" d=\"M500,98.9L0,6.1V0h1000v6.1L500,98.9z\"\/>\n<\/svg>\t\t<\/div>\n\t\t\t\t<div class=\"elementor-shape elementor-shape-bottom\" aria-hidden=\"true\" data-negative=\"true\">\n\t\t\t<svg xmlns=\"http:\/\/www.w3.org\/2000\/svg\" viewBox=\"0 0 1000 100\" preserveAspectRatio=\"none\">\n\t<path class=\"elementor-shape-fill\" d=\"M500.2,94.7L0,0v100h1000V0L500.2,94.7z\"\/>\n<\/svg>\t\t<\/div>\n\t\t\t\t<div class=\"elementor-element elementor-element-9526780 elementor-widget elementor-widget-heading\" data-id=\"9526780\" data-element_type=\"widget\" data-e-type=\"widget\" data-widget_type=\"heading.default\">\n\t\t\t\t<div class=\"elementor-widget-container\">\n\t\t\t\t\t<h2 class=\"elementor-heading-title elementor-size-default\">COMPLETEZ LES INFORMATIONS MANQUANTES AFIN D'OBTENIR VOTRE DEVIS GRATUITEMENT<\/h2>\t\t\t\t<\/div>\n\t\t\t\t<\/div>\n\t\t\t\t\t<\/div>\n\t\t\t\t<\/div>\n\t\t<div class=\"elementor-element elementor-element-7ca5276b e-flex e-con-boxed e-con e-parent\" data-id=\"7ca5276b\" data-element_type=\"container\" data-e-type=\"container\" data-settings=\"{&quot;background_background&quot;:&quot;classic&quot;}\">\n\t\t\t\t\t<div class=\"e-con-inner\">\n\t\t<div class=\"elementor-element elementor-element-2ba57861 e-con-full e-flex e-con e-child\" data-id=\"2ba57861\" data-element_type=\"container\" data-e-type=\"container\">\n\t\t\t\t<div class=\"elementor-element elementor-element-9897ddf elementor-widget elementor-widget-formidable\" data-id=\"9897ddf\" data-element_type=\"widget\" data-e-type=\"widget\" data-widget_type=\"formidable.default\">\n\t\t\t\t<div class=\"elementor-widget-container\">\n\t\t\t\t\t<div class=\"frm_forms  with_frm_style frm_style_style-formidable\" id=\"frm_form_14_container\" data-token=\"4bb7072dc6dff8e3bfc4a2ee603e0f52\">\n<form enctype=\"multipart\/form-data\" method=\"post\" class=\"frm-show-form \" id=\"form_voiture-suv-formule-premium\" data-token=\"4bb7072dc6dff8e3bfc4a2ee603e0f52\">\n<div class=\"frm_form_fields \">\n<fieldset>\n<legend class=\"frm_screen_reader\">Voiture SUV Formule Premium<\/legend>\n<h3 class=\"frm_form_title\">Voiture SUV Formule Premium<\/h3>\n<div class=\"frm_fields_container\">\n<input type=\"hidden\" name=\"frm_action\" value=\"create\" \/>\n<input type=\"hidden\" name=\"form_id\" value=\"14\" \/>\n<input type=\"hidden\" name=\"frm_hide_fields_14\" id=\"frm_hide_fields_14\" value=\"\" \/>\n<input type=\"hidden\" name=\"form_key\" value=\"voiture-suv-formule-premium\" \/>\n<input type=\"hidden\" name=\"item_meta[0]\" value=\"\" \/>\n<input type=\"hidden\" id=\"frm_submit_entry_14\" name=\"frm_submit_entry_14\" value=\"ca0c1c70d5\" \/><input type=\"hidden\" name=\"_wp_http_referer\" value=\"\/index.php\/wp-json\/wp\/v2\/pages\/726\" \/><div id=\"frm_field_166_container\" class=\"frm_form_field form-field  frm_required_field frm_top_container frm _first frm_first frm_third\">\n\t<label for=\"field_9bsy\" id=\"field_9bsy_label\" class=\"frm_primary_label\">Nom :\n\t\t<span class=\"frm_required\" aria-hidden=\"true\">*<\/span>\n\t<\/label>\n\t<input type=\"text\" id=\"field_9bsy\" name=\"item_meta[166]\" value=\"\"  placeholder=\"Nom\" data-reqmsg=\"Nom : ne peut pas \u00eatre vide.\" aria-required=\"true\" data-invmsg=\"Nom : est non valide\" aria-invalid=\"false\"  \/>\n\t\n\t\n<\/div>\n<div id=\"frm_field_167_container\" class=\"frm_form_field form-field  frm_required_field frm_top_container frm_third\">\n\t<label for=\"field_g2rd0\" id=\"field_g2rd0_label\" class=\"frm_primary_label\">Pr\u00e9nom :\n\t\t<span class=\"frm_required\" aria-hidden=\"true\">*<\/span>\n\t<\/label>\n\t<input type=\"text\" id=\"field_g2rd0\" name=\"item_meta[167]\" value=\"\"  placeholder=\"Pr\u00e9nom\" data-reqmsg=\"Pr\u00e9nom : ne peut pas \u00eatre vide.\" aria-required=\"true\" data-invmsg=\"Pr\u00e9nom : est non valide\" aria-invalid=\"false\"  \/>\n\t\n\t\n<\/div>\n<div id=\"frm_field_168_container\" class=\"frm_form_field form-field  frm_required_field frm_top_container frm_first frm_third\">\n\t<label for=\"field_k92kz\" id=\"field_k92kz_label\" class=\"frm_primary_label\">T\u00e9l\u00e9phone:\n\t\t<span class=\"frm_required\" aria-hidden=\"true\">*<\/span>\n\t<\/label>\n\t<input type=\"tel\" id=\"field_k92kz\" name=\"item_meta[168]\" value=\"\"  placeholder=\"0612345678\" data-reqmsg=\"T\u00e9l\u00e9phone: ne peut pas \u00eatre vide.\" aria-required=\"true\" data-invmsg=\"T\u00e9l\u00e9phone: est non valide\" aria-invalid=\"false\" pattern=\"((\\+\\d{1,3}(-|.| )?\\(?\\d\\)?(-| |.)?\\d{1,5})|(\\(?\\d{2,6}\\)?))(-|.| )?(\\d{3,4})(-|.| )?(\\d{4})(( x| ext)\\d{1,5}){0,1}$\"  \/>\n\t\n\t\n<\/div>\n<div id=\"frm_field_169_container\" class=\"frm_form_field form-field  frm_required_field frm_top_container frm_third\">\n\t<label for=\"field_kp1m3\" id=\"field_kp1m3_label\" class=\"frm_primary_label\">Email :\n\t\t<span class=\"frm_required\" aria-hidden=\"true\">*<\/span>\n\t<\/label>\n\t<input type=\"email\" id=\"field_kp1m3\" name=\"item_meta[169]\" value=\"\"  placeholder=\"adressemail@gmail.com\" data-reqmsg=\"Email : ne peut pas \u00eatre vide.\" aria-required=\"true\" data-invmsg=\"Email : est non valide\" aria-invalid=\"false\"  \/>\n\t\n\t\n<\/div>\n<div id=\"frm_field_170_container\" class=\"frm_form_field form-field  frm_required_field frm_top_container frm_two_thirds\">\n\t<label for=\"field_6vy0h\" id=\"field_6vy0h_label\" class=\"frm_primary_label\">Adresse :\n\t\t<span class=\"frm_required\" aria-hidden=\"true\">*<\/span>\n\t<\/label>\n\t<input type=\"text\" id=\"field_6vy0h\" name=\"item_meta[170]\" value=\"\"  placeholder=\"Rue de B\u00e9thune, 59000 LILLE\" data-reqmsg=\"Adresse : ne peut pas \u00eatre vide.\" aria-required=\"true\" data-invmsg=\"Adresse : est non valide\" aria-invalid=\"false\"  \/>\n\t\n\t\n<\/div>\n<div id=\"frm_field_171_container\" class=\"frm_form_field form-field  frm_required_field frm_top_container frm_two_thirds\">\n\t<label for=\"field_2qrqc\" id=\"field_2qrqc_label\" class=\"frm_primary_label\">Votre v\u00e9hicule poss\u00e8de des t\u00e2ches ? :\n\t\t<span class=\"frm_required\" aria-hidden=\"true\">*<\/span>\n\t<\/label>\n\t<input type=\"text\" id=\"field_2qrqc\" name=\"item_meta[171]\" value=\"\"  placeholder=\"De sang ? D&#039;urine ? De moisissure ?\" data-reqmsg=\"Votre v\u00e9hicule poss\u00e8de des t\u00e2ches ? : ne peut pas \u00eatre vide.\" aria-required=\"true\" data-invmsg=\"Votre v\u00e9hicule poss\u00e8de des t\u00e2ches ? : est non valide\" aria-invalid=\"false\"  \/>\n\t\n\t\n<\/div>\n<div id=\"frm_field_300_container\" class=\"frm_form_field form-field  frm_required_field frm_top_container frm_first frm_third\">\n\t<label for=\"field_oht4u\" id=\"field_oht4u_label\" class=\"frm_primary_label\">Service choisis :\n\t\t<span class=\"frm_required\" aria-hidden=\"true\">*<\/span>\n\t<\/label>\n\t<input type=\"text\" id=\"field_oht4u\" name=\"item_meta[300]\" value=\"Voiture SUV\"  data-frmval=\"Voiture SUV\" data-reqmsg=\"Service choisis : ne peut pas \u00eatre vide.\" aria-required=\"true\" data-invmsg=\"Service choisis : est non valide\" aria-invalid=\"false\"  \/>\n\t\n\t\n<\/div>\n<div id=\"frm_field_301_container\" class=\"frm_form_field form-field  frm_required_field frm_top_container frm_third\">\n\t<label for=\"field_m29vp\" id=\"field_m29vp_label\" class=\"frm_primary_label\">Formule choisis :\n\t\t<span class=\"frm_required\" aria-hidden=\"true\">*<\/span>\n\t<\/label>\n\t<input type=\"text\" id=\"field_m29vp\" name=\"item_meta[301]\" value=\"Formule Premium\"  data-frmval=\"Formule Premium\" data-reqmsg=\"Formule choisis : ne peut pas \u00eatre vide.\" aria-required=\"true\" data-invmsg=\"Formule choisis : est non valide\" aria-invalid=\"false\"  \/>\n\t\n\t\n<\/div>\n<div id=\"frm_field_129_container\" class=\"frm_form_field form-field  frm_first frm_fourth\">\n\t<div class=\"frm_submit frm_flex\">\n<button class=\"frm_button_submit\" type=\"submit\"  >Obtenir mon devis<\/button>\n\n\n\n<\/div>\n<\/div>\n\t<input type=\"hidden\" name=\"item_key\" value=\"\" \/>\n\t\t\t<div id=\"frm_field_412_container\">\n\t\t\t<label for=\"field_ebyif\" >\n\t\t\t\tIf you are human, leave this field blank.\t\t\t<\/label>\n\t\t\t<input  id=\"field_ebyif\" type=\"text\" class=\"frm_form_field form-field frm_verify\" name=\"item_meta[412]\" value=\"\"  \/>\n\t\t<\/div>\n\t\t<input name=\"frm_state\" type=\"hidden\" value=\"AiAAF4Se9kF85XJ1FKJkrWH8r+oNtXYcthedwHKdKck=\" \/><\/div>\n<\/fieldset>\n<\/div>\n\n<\/form>\n<\/div>\n\t\t\t\t<\/div>\n\t\t\t\t<\/div>\n\t\t\t\t<\/div>\n\t\t\t\t\t<\/div>\n\t\t\t\t<\/div>\n\t\t<div class=\"elementor-element elementor-element-104c33f e-flex e-con-boxed e-con e-parent\" data-id=\"104c33f\" data-element_type=\"container\" data-e-type=\"container\">\n\t\t\t\t\t<div class=\"e-con-inner\">\n\t\t\t\t<div class=\"elementor-element elementor-element-184b015 elementor-align-justify elementor-widget elementor-widget-button\" data-id=\"184b015\" data-element_type=\"widget\" data-e-type=\"widget\" data-widget_type=\"button.default\">\n\t\t\t\t<div class=\"elementor-widget-container\">\n\t\t\t\t\t\t\t\t\t<div class=\"elementor-button-wrapper\">\n\t\t\t\t\t<a class=\"elementor-button elementor-button-link elementor-size-sm\" href=\"#\">\n\t\t\t\t\t\t<span class=\"elementor-button-content-wrapper\">\n\t\t\t\t\t\t\t\t\t<span class=\"elementor-button-text\">MERCI POUR VOTRE CONFIANCE !<\/span>\n\t\t\t\t\t<\/span>\n\t\t\t\t\t<\/a>\n\t\t\t\t<\/div>\n\t\t\t\t\t\t\t\t<\/div>\n\t\t\t\t<\/div>\n\t\t\t\t\t<\/div>\n\t\t\t\t<\/div>\n\t\t\t\t<\/div>\n\t\t","protected":false},"excerpt":{"rendered":"<p>COMPLETEZ LES INFORMATIONS MANQUANTES AFIN D&#8217;OBTENIR VOTRE DEVIS GRATUITEMENT Voiture SUV Formule Premium Voiture SUV Formule Premium Nom : * Pr\u00e9nom : * T\u00e9l\u00e9phone: * Email : * Adresse : * Votre v\u00e9hicule poss\u00e8de des t\u00e2ches ? : * Service choisis : * Formule choisis : * Obtenir mon devis Si vous \u00eates un humain, [&hellip;]<\/p>\n","protected":false},"author":1,"featured_media":0,"parent":0,"menu_order":0,"comment_status":"closed","ping_status":"closed","template":"","meta":{"footnotes":""},"class_list":["post-726","page","type-page","status-publish","hentry","entry"],"yoast_head":"<!-- This site is optimized with the Yoast SEO plugin v27.3 - https:\/\/yoast.com\/product\/yoast-seo-wordpress\/ -->\n<title>Devis SUV Premium - RunWash<\/title>\n<meta name=\"robots\" content=\"index, follow, max-snippet:-1, max-image-preview:large, max-video-preview:-1\" \/>\n<link rel=\"canonical\" href=\"https:\/\/runwash.fr\/index.php\/devis-suv-premium\/\" \/>\n<meta property=\"og:locale\" content=\"en_US\" \/>\n<meta property=\"og:type\" content=\"article\" \/>\n<meta property=\"og:title\" content=\"Devis SUV Premium - RunWash\" \/>\n<meta property=\"og:description\" content=\"COMPLETEZ LES INFORMATIONS MANQUANTES AFIN D&#8217;OBTENIR VOTRE DEVIS GRATUITEMENT Voiture SUV Formule Premium Voiture SUV Formule Premium Nom : * Pr\u00e9nom : * T\u00e9l\u00e9phone: * Email : * Adresse : * Votre v\u00e9hicule poss\u00e8de des t\u00e2ches ? : * Service choisis : * Formule choisis : * Obtenir mon devis Si vous \u00eates un humain, [&hellip;]\" \/>\n<meta property=\"og:url\" content=\"https:\/\/runwash.fr\/index.php\/devis-suv-premium\/\" \/>\n<meta property=\"og:site_name\" content=\"RunWash\" \/>\n<meta property=\"article:modified_time\" content=\"2025-02-08T22:56:36+00:00\" \/>\n<meta name=\"twitter:card\" content=\"summary_large_image\" \/>\n<meta name=\"twitter:label1\" content=\"Est. reading time\" \/>\n\t<meta name=\"twitter:data1\" content=\"1 minute\" \/>\n<script type=\"application\/ld+json\" class=\"yoast-schema-graph\">{\"@context\":\"https:\\\/\\\/schema.org\",\"@graph\":[{\"@type\":\"WebPage\",\"@id\":\"https:\\\/\\\/runwash.fr\\\/index.php\\\/devis-suv-premium\\\/\",\"url\":\"https:\\\/\\\/runwash.fr\\\/index.php\\\/devis-suv-premium\\\/\",\"name\":\"Devis SUV Premium - RunWash\",\"isPartOf\":{\"@id\":\"https:\\\/\\\/runwash.fr\\\/#website\"},\"datePublished\":\"2024-11-08T04:47:06+00:00\",\"dateModified\":\"2025-02-08T22:56:36+00:00\",\"breadcrumb\":{\"@id\":\"https:\\\/\\\/runwash.fr\\\/index.php\\\/devis-suv-premium\\\/#breadcrumb\"},\"inLanguage\":\"en-US\",\"potentialAction\":[{\"@type\":\"ReadAction\",\"target\":[\"https:\\\/\\\/runwash.fr\\\/index.php\\\/devis-suv-premium\\\/\"]}]},{\"@type\":\"BreadcrumbList\",\"@id\":\"https:\\\/\\\/runwash.fr\\\/index.php\\\/devis-suv-premium\\\/#breadcrumb\",\"itemListElement\":[{\"@type\":\"ListItem\",\"position\":1,\"name\":\"Accueil\",\"item\":\"https:\\\/\\\/runwash.fr\\\/\"},{\"@type\":\"ListItem\",\"position\":2,\"name\":\"Devis SUV Premium\"}]},{\"@type\":\"WebSite\",\"@id\":\"https:\\\/\\\/runwash.fr\\\/#website\",\"url\":\"https:\\\/\\\/runwash.fr\\\/\",\"name\":\"RunWash\",\"description\":\"Le bien-\u00eatre de votre famille, notre priorit\u00e9\",\"publisher\":{\"@id\":\"https:\\\/\\\/runwash.fr\\\/#organization\"},\"potentialAction\":[{\"@type\":\"SearchAction\",\"target\":{\"@type\":\"EntryPoint\",\"urlTemplate\":\"https:\\\/\\\/runwash.fr\\\/?s={search_term_string}\"},\"query-input\":{\"@type\":\"PropertyValueSpecification\",\"valueRequired\":true,\"valueName\":\"search_term_string\"}}],\"inLanguage\":\"en-US\"},{\"@type\":\"Organization\",\"@id\":\"https:\\\/\\\/runwash.fr\\\/#organization\",\"name\":\"RunWash\",\"url\":\"https:\\\/\\\/runwash.fr\\\/\",\"logo\":{\"@type\":\"ImageObject\",\"inLanguage\":\"en-US\",\"@id\":\"https:\\\/\\\/runwash.fr\\\/#\\\/schema\\\/logo\\\/image\\\/\",\"url\":\"https:\\\/\\\/runwash.fr\\\/wp-content\\\/uploads\\\/2024\\\/11\\\/cropped-Logo_RW_V5-removebg-preview-2-1.png\",\"contentUrl\":\"https:\\\/\\\/runwash.fr\\\/wp-content\\\/uploads\\\/2024\\\/11\\\/cropped-Logo_RW_V5-removebg-preview-2-1.png\",\"width\":457,\"height\":216,\"caption\":\"RunWash\"},\"image\":{\"@id\":\"https:\\\/\\\/runwash.fr\\\/#\\\/schema\\\/logo\\\/image\\\/\"}}]}<\/script>\n<!-- \/ Yoast SEO plugin. -->","yoast_head_json":{"title":"Devis SUV Premium - RunWash","robots":{"index":"index","follow":"follow","max-snippet":"max-snippet:-1","max-image-preview":"max-image-preview:large","max-video-preview":"max-video-preview:-1"},"canonical":"https:\/\/runwash.fr\/index.php\/devis-suv-premium\/","og_locale":"en_US","og_type":"article","og_title":"Devis SUV Premium - RunWash","og_description":"COMPLETEZ LES INFORMATIONS MANQUANTES AFIN D&#8217;OBTENIR VOTRE DEVIS GRATUITEMENT Voiture SUV Formule Premium Voiture SUV Formule Premium Nom : * Pr\u00e9nom : * T\u00e9l\u00e9phone: * Email : * Adresse : * Votre v\u00e9hicule poss\u00e8de des t\u00e2ches ? : * Service choisis : * Formule choisis : * Obtenir mon devis Si vous \u00eates un humain, [&hellip;]","og_url":"https:\/\/runwash.fr\/index.php\/devis-suv-premium\/","og_site_name":"RunWash","article_modified_time":"2025-02-08T22:56:36+00:00","twitter_card":"summary_large_image","twitter_misc":{"Est. reading time":"1 minute"},"schema":{"@context":"https:\/\/schema.org","@graph":[{"@type":"WebPage","@id":"https:\/\/runwash.fr\/index.php\/devis-suv-premium\/","url":"https:\/\/runwash.fr\/index.php\/devis-suv-premium\/","name":"Devis SUV Premium - RunWash","isPartOf":{"@id":"https:\/\/runwash.fr\/#website"},"datePublished":"2024-11-08T04:47:06+00:00","dateModified":"2025-02-08T22:56:36+00:00","breadcrumb":{"@id":"https:\/\/runwash.fr\/index.php\/devis-suv-premium\/#breadcrumb"},"inLanguage":"en-US","potentialAction":[{"@type":"ReadAction","target":["https:\/\/runwash.fr\/index.php\/devis-suv-premium\/"]}]},{"@type":"BreadcrumbList","@id":"https:\/\/runwash.fr\/index.php\/devis-suv-premium\/#breadcrumb","itemListElement":[{"@type":"ListItem","position":1,"name":"Accueil","item":"https:\/\/runwash.fr\/"},{"@type":"ListItem","position":2,"name":"Devis SUV Premium"}]},{"@type":"WebSite","@id":"https:\/\/runwash.fr\/#website","url":"https:\/\/runwash.fr\/","name":"RunWash","description":"Le bien-\u00eatre de votre famille, notre priorit\u00e9","publisher":{"@id":"https:\/\/runwash.fr\/#organization"},"potentialAction":[{"@type":"SearchAction","target":{"@type":"EntryPoint","urlTemplate":"https:\/\/runwash.fr\/?s={search_term_string}"},"query-input":{"@type":"PropertyValueSpecification","valueRequired":true,"valueName":"search_term_string"}}],"inLanguage":"en-US"},{"@type":"Organization","@id":"https:\/\/runwash.fr\/#organization","name":"RunWash","url":"https:\/\/runwash.fr\/","logo":{"@type":"ImageObject","inLanguage":"en-US","@id":"https:\/\/runwash.fr\/#\/schema\/logo\/image\/","url":"https:\/\/runwash.fr\/wp-content\/uploads\/2024\/11\/cropped-Logo_RW_V5-removebg-preview-2-1.png","contentUrl":"https:\/\/runwash.fr\/wp-content\/uploads\/2024\/11\/cropped-Logo_RW_V5-removebg-preview-2-1.png","width":457,"height":216,"caption":"RunWash"},"image":{"@id":"https:\/\/runwash.fr\/#\/schema\/logo\/image\/"}}]}},"_links":{"self":[{"href":"https:\/\/runwash.fr\/index.php\/wp-json\/wp\/v2\/pages\/726","targetHints":{"allow":["GET"]}}],"collection":[{"href":"https:\/\/runwash.fr\/index.php\/wp-json\/wp\/v2\/pages"}],"about":[{"href":"https:\/\/runwash.fr\/index.php\/wp-json\/wp\/v2\/types\/page"}],"author":[{"embeddable":true,"href":"https:\/\/runwash.fr\/index.php\/wp-json\/wp\/v2\/users\/1"}],"replies":[{"embeddable":true,"href":"https:\/\/runwash.fr\/index.php\/wp-json\/wp\/v2\/comments?post=726"}],"version-history":[{"count":23,"href":"https:\/\/runwash.fr\/index.php\/wp-json\/wp\/v2\/pages\/726\/revisions"}],"predecessor-version":[{"id":5265,"href":"https:\/\/runwash.fr\/index.php\/wp-json\/wp\/v2\/pages\/726\/revisions\/5265"}],"wp:attachment":[{"href":"https:\/\/runwash.fr\/index.php\/wp-json\/wp\/v2\/media?parent=726"}],"curies":[{"name":"wp","href":"https:\/\/api.w.org\/{rel}","templated":true}]}}